{"id":56059,"date":"2025-11-26T16:46:18","date_gmt":"2025-11-26T15:46:18","guid":{"rendered":"https:\/\/www.hirtenberg-apotheke.at\/katalog\/produkt\/melasan-aetherisches-oel-wacholder-10-ml\/"},"modified":"2025-11-26T16:46:44","modified_gmt":"2025-11-26T15:46:44","slug":"melasan-aetherisches-oel-wacholder-10-ml","status":"publish","type":"product","link":"https:\/\/www.hirtenberg-apotheke.at\/katalog\/produkt\/melasan-aetherisches-oel-wacholder-10-ml\/","title":{"rendered":"Melasan \u00c4therisches \u00d6l Wacholder 10 ml"},"content":{"rendered":"<p>Melasan \u00c4therisches \u00d6l Wacholder wird unter h\u00f6chsten Qualit\u00e4tskriterien hergestellt. Das \u00d6l zeichnet sich durch das breite Wirkungsspektrum aus. Nicht zur Einnahme bestimmt!.<\/p>\n","protected":false},"excerpt":{"rendered":"<p>Melasan \u00c4therisches \u00d6l Wacholder wird unter h\u00f6chsten Qualit\u00e4tskriterien hergestellt. Das \u00d6l zeichnet sich durch das breite Wirkungsspektrum aus. Nicht zur Einnahme bestimmt!.<\/p>\n","protected":false},"featured_media":56061,"template":"","meta":{"_acf_changed":false},"product_brand":[323],"product_cat":[308],"product_tag":[],"class_list":{"0":"post-56059","1":"product","2":"type-product","3":"status-publish","4":"has-post-thumbnail","6":"product_brand-melasan","7":"product_cat-m","8":"pa_packungsgroesse-10ml","10":"first","11":"instock","12":"shipping-taxable","13":"purchasable","14":"product-type-simple"},"acf":[],"_links":{"self":[{"href":"https:\/\/www.hirtenberg-apotheke.at\/katalog\/wp-json\/wp\/v2\/product\/56059","targetHints":{"allow":["GET"]}}],"collection":[{"href":"https:\/\/www.hirtenberg-apotheke.at\/katalog\/wp-json\/wp\/v2\/product"}],"about":[{"href":"https:\/\/www.hirtenberg-apotheke.at\/katalog\/wp-json\/wp\/v2\/types\/product"}],"wp:featuredmedia":[{"embeddable":true,"href":"https:\/\/www.hirtenberg-apotheke.at\/katalog\/wp-json\/wp\/v2\/media\/56061"}],"wp:attachment":[{"href":"https:\/\/www.hirtenberg-apotheke.at\/katalog\/wp-json\/wp\/v2\/media?parent=56059"}],"wp:term":[{"taxonomy":"product_brand","embeddable":true,"href":"https:\/\/www.hirtenberg-apotheke.at\/katalog\/wp-json\/wp\/v2\/product_brand?post=56059"},{"taxonomy":"product_cat","embeddable":true,"href":"https:\/\/www.hirtenberg-apotheke.at\/katalog\/wp-json\/wp\/v2\/product_cat?post=56059"},{"taxonomy":"product_tag","embeddable":true,"href":"https:\/\/www.hirtenberg-apotheke.at\/katalog\/wp-json\/wp\/v2\/product_tag?post=56059"}],"curies":[{"name":"wp","href":"https:\/\/api.w.org\/{rel}","templated":true}]}}