{"id":56063,"date":"2025-11-26T16:46:18","date_gmt":"2025-11-26T15:46:18","guid":{"rendered":"https:\/\/www.hirtenberg-apotheke.at\/katalog\/produkt\/life-light-krill-plus-kapseln-60-stk\/"},"modified":"2025-11-26T16:46:50","modified_gmt":"2025-11-26T15:46:50","slug":"life-light-krill-plus-kapseln-60-stk","status":"publish","type":"product","link":"https:\/\/www.hirtenberg-apotheke.at\/katalog\/produkt\/life-light-krill-plus-kapseln-60-stk\/","title":{"rendered":"Life Light Krill Plus Kapseln 60 Stk."},"content":{"rendered":"<p>Life Light Krill Plus Kapseln sind ein hochwertiger, rubinroter Krill\u00f6l-Komplex aus Antarktischem Krill. Die Kapseln sind reich an essentiellen, mehrfach unges\u00e4ttigten Omega 3-Fetts\u00e4uren mit EPA und DHA, die bei einer t\u00e4glichen Aufnahme zu einer normalen Herzfunktion beitragen.<\/p>\n","protected":false},"excerpt":{"rendered":"<p>Life Light Krill Plus Kapseln sind ein hochwertiger, rubinroter Krill\u00f6l-Komplex aus Antarktischem Krill. Die Kapseln sind reich an essentiellen, mehrfach unges\u00e4ttigten Omega 3-Fetts\u00e4uren mit EPA und DHA, die bei einer t\u00e4glichen Aufnahme zu einer normalen Herzfunktion beitragen.<\/p>\n","protected":false},"featured_media":0,"template":"","meta":{"_acf_changed":false},"product_brand":[],"product_cat":[317],"product_tag":[],"class_list":{"0":"post-56063","1":"product","2":"type-product","3":"status-publish","5":"product_cat-l","6":"pa_packungsgroesse-60-stueck","8":"first","9":"instock","10":"shipping-taxable","11":"purchasable","12":"product-type-simple"},"acf":[],"_links":{"self":[{"href":"https:\/\/www.hirtenberg-apotheke.at\/katalog\/wp-json\/wp\/v2\/product\/56063","targetHints":{"allow":["GET"]}}],"collection":[{"href":"https:\/\/www.hirtenberg-apotheke.at\/katalog\/wp-json\/wp\/v2\/product"}],"about":[{"href":"https:\/\/www.hirtenberg-apotheke.at\/katalog\/wp-json\/wp\/v2\/types\/product"}],"wp:attachment":[{"href":"https:\/\/www.hirtenberg-apotheke.at\/katalog\/wp-json\/wp\/v2\/media?parent=56063"}],"wp:term":[{"taxonomy":"product_brand","embeddable":true,"href":"https:\/\/www.hirtenberg-apotheke.at\/katalog\/wp-json\/wp\/v2\/product_brand?post=56063"},{"taxonomy":"product_cat","embeddable":true,"href":"https:\/\/www.hirtenberg-apotheke.at\/katalog\/wp-json\/wp\/v2\/product_cat?post=56063"},{"taxonomy":"product_tag","embeddable":true,"href":"https:\/\/www.hirtenberg-apotheke.at\/katalog\/wp-json\/wp\/v2\/product_tag?post=56063"}],"curies":[{"name":"wp","href":"https:\/\/api.w.org\/{rel}","templated":true}]}}