{"id":56120,"date":"2025-11-26T16:47:42","date_gmt":"2025-11-26T15:47:42","guid":{"rendered":"https:\/\/www.hirtenberg-apotheke.at\/katalog\/produkt\/nuxe-sun-sonnenoel-150-ml\/"},"modified":"2025-11-26T16:47:49","modified_gmt":"2025-11-26T15:47:49","slug":"nuxe-sun-sonnenoel-150-ml","status":"publish","type":"product","link":"https:\/\/www.hirtenberg-apotheke.at\/katalog\/produkt\/nuxe-sun-sonnenoel-150-ml\/","title":{"rendered":"Nuxe Sun Sonnen\u00f6l 150 ml"},"content":{"rendered":"<p>Nuxe Sun Sonnen\u00f6l mit Wasser- und Sommerblumen garantiert einen Anti-Aging-Zellschutz und sorgt f\u00fcr eine perfekte Br\u00e4une. Die schnell einziehende Textur ist alkoholfrei, n\u00e4hrt die Haut und sorgt f\u00fcr einen zarten Satin-Effekt. Mit einem sonnigen Duft von S\u00fc\u00dforangen, Tiar\u00e9-Bl\u00fcten und Vanille.<\/p>\n","protected":false},"excerpt":{"rendered":"<p>Nuxe Sun Sonnen\u00f6l mit Wasser- und Sommerblumen garantiert einen Anti-Aging-Zellschutz und sorgt f\u00fcr eine perfekte Br\u00e4une. Die schnell einziehende Textur ist alkoholfrei, n\u00e4hrt die Haut und sorgt f\u00fcr einen zarten Satin-Effekt. Mit einem sonnigen Duft von S\u00fc\u00dforangen, Tiar\u00e9-Bl\u00fcten und Vanille.<\/p>\n","protected":false},"featured_media":56122,"template":"","meta":{"_acf_changed":false},"product_brand":[720],"product_cat":[310],"product_tag":[],"class_list":{"0":"post-56120","1":"product","2":"type-product","3":"status-publish","4":"has-post-thumbnail","6":"product_brand-nuxe","7":"product_cat-n","8":"pa_packungsgroesse-150ml","10":"first","11":"instock","12":"shipping-taxable","13":"purchasable","14":"product-type-simple"},"acf":[],"_links":{"self":[{"href":"https:\/\/www.hirtenberg-apotheke.at\/katalog\/wp-json\/wp\/v2\/product\/56120","targetHints":{"allow":["GET"]}}],"collection":[{"href":"https:\/\/www.hirtenberg-apotheke.at\/katalog\/wp-json\/wp\/v2\/product"}],"about":[{"href":"https:\/\/www.hirtenberg-apotheke.at\/katalog\/wp-json\/wp\/v2\/types\/product"}],"wp:featuredmedia":[{"embeddable":true,"href":"https:\/\/www.hirtenberg-apotheke.at\/katalog\/wp-json\/wp\/v2\/media\/56122"}],"wp:attachment":[{"href":"https:\/\/www.hirtenberg-apotheke.at\/katalog\/wp-json\/wp\/v2\/media?parent=56120"}],"wp:term":[{"taxonomy":"product_brand","embeddable":true,"href":"https:\/\/www.hirtenberg-apotheke.at\/katalog\/wp-json\/wp\/v2\/product_brand?post=56120"},{"taxonomy":"product_cat","embeddable":true,"href":"https:\/\/www.hirtenberg-apotheke.at\/katalog\/wp-json\/wp\/v2\/product_cat?post=56120"},{"taxonomy":"product_tag","embeddable":true,"href":"https:\/\/www.hirtenberg-apotheke.at\/katalog\/wp-json\/wp\/v2\/product_tag?post=56120"}],"curies":[{"name":"wp","href":"https:\/\/api.w.org\/{rel}","templated":true}]}}