{"id":56148,"date":"2025-11-26T16:48:26","date_gmt":"2025-11-26T15:48:26","guid":{"rendered":"https:\/\/www.hirtenberg-apotheke.at\/katalog\/produkt\/heidelbeer-e-kapseln-2\/"},"modified":"2025-11-26T16:48:33","modified_gmt":"2025-11-26T15:48:33","slug":"heidelbeer-e-kapseln-2","status":"publish","type":"product","link":"https:\/\/www.hirtenberg-apotheke.at\/katalog\/produkt\/heidelbeer-e-kapseln-2\/","title":{"rendered":"Heidelbeer E Kapseln"},"content":{"rendered":"<p>Gall Pharma Heidelbeer E Kapseln enthalten 400 mg Heidelbeer-Extrakt. Der wichtigste Bestandteil dieses Extraktes ist der blaue Farbstoff (Polyphenole\/Anthocyane). Die Polyphenole bzw. Anthocyane haben eine g\u00fcnstige Auswirkung auf das Sehen bei D\u00e4mmerung und unterst\u00fctzen die schnelle Anpassung der Augen bei grellem Licht. Dieses Produkt ist in den Packungsgr\u00f6\u00dfen 60 und 120 St\u00fcck erh\u00e4ltlich.<\/p>\n","protected":false},"excerpt":{"rendered":"<p>Gall Pharma Heidelbeer E Kapseln enthalten 400 mg Heidelbeer-Extrakt. Der wichtigste Bestandteil dieses Extraktes ist der blaue Farbstoff (Polyphenole\/Anthocyane). Die Polyphenole bzw. Anthocyane haben eine g\u00fcnstige Auswirkung auf das Sehen bei D\u00e4mmerung und unterst\u00fctzen die schnelle Anpassung der Augen bei grellem Licht. Dieses Produkt ist in den Packungsgr\u00f6\u00dfen 60 und 120 St\u00fcck erh\u00e4ltlich.<\/p>\n","protected":false},"featured_media":0,"template":"","meta":{"_acf_changed":false},"product_brand":[316],"product_cat":[330],"product_tag":[],"class_list":{"0":"post-56148","1":"product","2":"type-product","3":"status-publish","5":"product_brand-gall-pharma","6":"product_cat-h","7":"pa_packungsgroesse-120-stueck","9":"first","10":"instock","11":"shipping-taxable","12":"purchasable","13":"product-type-simple"},"acf":[],"_links":{"self":[{"href":"https:\/\/www.hirtenberg-apotheke.at\/katalog\/wp-json\/wp\/v2\/product\/56148","targetHints":{"allow":["GET"]}}],"collection":[{"href":"https:\/\/www.hirtenberg-apotheke.at\/katalog\/wp-json\/wp\/v2\/product"}],"about":[{"href":"https:\/\/www.hirtenberg-apotheke.at\/katalog\/wp-json\/wp\/v2\/types\/product"}],"wp:attachment":[{"href":"https:\/\/www.hirtenberg-apotheke.at\/katalog\/wp-json\/wp\/v2\/media?parent=56148"}],"wp:term":[{"taxonomy":"product_brand","embeddable":true,"href":"https:\/\/www.hirtenberg-apotheke.at\/katalog\/wp-json\/wp\/v2\/product_brand?post=56148"},{"taxonomy":"product_cat","embeddable":true,"href":"https:\/\/www.hirtenberg-apotheke.at\/katalog\/wp-json\/wp\/v2\/product_cat?post=56148"},{"taxonomy":"product_tag","embeddable":true,"href":"https:\/\/www.hirtenberg-apotheke.at\/katalog\/wp-json\/wp\/v2\/product_tag?post=56148"}],"curies":[{"name":"wp","href":"https:\/\/api.w.org\/{rel}","templated":true}]}}