{"id":56158,"date":"2025-11-26T16:48:26","date_gmt":"2025-11-26T15:48:26","guid":{"rendered":"https:\/\/www.hirtenberg-apotheke.at\/katalog\/produkt\/the-nutri-store-cranberry-preiselbeere-kapseln-200-stk\/"},"modified":"2025-11-26T16:48:46","modified_gmt":"2025-11-26T15:48:46","slug":"the-nutri-store-cranberry-preiselbeere-kapseln-200-stk","status":"publish","type":"product","link":"https:\/\/www.hirtenberg-apotheke.at\/katalog\/produkt\/the-nutri-store-cranberry-preiselbeere-kapseln-200-stk\/","title":{"rendered":"The Nutri Store Cranberry Preiselbeere Kapseln 200 Stk."},"content":{"rendered":"<p>The Nutri Store Cranberry Preiselbeere Kapseln enthalten 215 mg anthocyanreiches Preiselbeerpulver sowie 150 mg anthocyanreiches Cranberrypulver. Acerola-Extrakt mit seinem nat\u00fcrlichen Gehalt an Vitamin C, B\u00e4rentraubenextrakt, Kapuzinerkresse und Vitamin E erg\u00e4nzen diese wertvolle Kombination.<\/p>\n","protected":false},"excerpt":{"rendered":"<p>The Nutri Store Cranberry Preiselbeere Kapseln enthalten 215 mg anthocyanreiches Preiselbeerpulver sowie 150 mg anthocyanreiches Cranberrypulver. Acerola-Extrakt mit seinem nat\u00fcrlichen Gehalt an Vitamin C, B\u00e4rentraubenextrakt, Kapuzinerkresse und Vitamin E erg\u00e4nzen diese wertvolle Kombination.<\/p>\n","protected":false},"featured_media":56160,"template":"","meta":{"_acf_changed":false},"product_brand":[],"product_cat":[319],"product_tag":[],"class_list":{"0":"post-56158","1":"product","2":"type-product","3":"status-publish","4":"has-post-thumbnail","6":"product_cat-t","7":"pa_packungsgroesse-200-stueck","9":"first","10":"instock","11":"shipping-taxable","12":"purchasable","13":"product-type-simple"},"acf":[],"_links":{"self":[{"href":"https:\/\/www.hirtenberg-apotheke.at\/katalog\/wp-json\/wp\/v2\/product\/56158","targetHints":{"allow":["GET"]}}],"collection":[{"href":"https:\/\/www.hirtenberg-apotheke.at\/katalog\/wp-json\/wp\/v2\/product"}],"about":[{"href":"https:\/\/www.hirtenberg-apotheke.at\/katalog\/wp-json\/wp\/v2\/types\/product"}],"wp:featuredmedia":[{"embeddable":true,"href":"https:\/\/www.hirtenberg-apotheke.at\/katalog\/wp-json\/wp\/v2\/media\/56160"}],"wp:attachment":[{"href":"https:\/\/www.hirtenberg-apotheke.at\/katalog\/wp-json\/wp\/v2\/media?parent=56158"}],"wp:term":[{"taxonomy":"product_brand","embeddable":true,"href":"https:\/\/www.hirtenberg-apotheke.at\/katalog\/wp-json\/wp\/v2\/product_brand?post=56158"},{"taxonomy":"product_cat","embeddable":true,"href":"https:\/\/www.hirtenberg-apotheke.at\/katalog\/wp-json\/wp\/v2\/product_cat?post=56158"},{"taxonomy":"product_tag","embeddable":true,"href":"https:\/\/www.hirtenberg-apotheke.at\/katalog\/wp-json\/wp\/v2\/product_tag?post=56158"}],"curies":[{"name":"wp","href":"https:\/\/api.w.org\/{rel}","templated":true}]}}