{"id":56353,"date":"2025-11-26T16:57:11","date_gmt":"2025-11-26T15:57:11","guid":{"rendered":"https:\/\/www.hirtenberg-apotheke.at\/katalog\/produkt\/casida-epsom-salz-relaxbad-badesalz-fuer-fuss-vollbaeder-1000g\/"},"modified":"2025-11-26T16:57:38","modified_gmt":"2025-11-26T15:57:38","slug":"casida-epsom-salz-relaxbad-badesalz-fuer-fuss-vollbaeder-1000g","status":"publish","type":"product","link":"https:\/\/www.hirtenberg-apotheke.at\/katalog\/produkt\/casida-epsom-salz-relaxbad-badesalz-fuer-fuss-vollbaeder-1000g\/","title":{"rendered":"Casida EPSOM SALZ RELAXBAD Badesalz f\u00fcr Fu\u00df- &#038; Vollb\u00e4der &#8211; 1000g"},"content":{"rendered":"<p>Das Relaxbad aus Original Epsom Salz und nat\u00fcrlichem Lavendel\u00f6l entspannt K\u00f6rper &#038; Geist und beruhigt die Sinne. Ideal bei Ersch\u00f6pfung und Stress.<\/p>\n","protected":false},"excerpt":{"rendered":"<p>Das Relaxbad aus Original Epsom Salz und nat\u00fcrlichem Lavendel\u00f6l entspannt K\u00f6rper &#038; Geist und beruhigt die Sinne. Ideal bei Ersch\u00f6pfung und Stress.<\/p>\n","protected":false},"featured_media":56355,"template":"","meta":{"_acf_changed":false},"product_brand":[],"product_cat":[337],"product_tag":[],"class_list":{"0":"post-56353","1":"product","2":"type-product","3":"status-publish","4":"has-post-thumbnail","6":"product_cat-c","7":"pa_packungsgroesse-1kg","9":"first","10":"instock","11":"shipping-taxable","12":"purchasable","13":"product-type-simple"},"acf":[],"_links":{"self":[{"href":"https:\/\/www.hirtenberg-apotheke.at\/katalog\/wp-json\/wp\/v2\/product\/56353","targetHints":{"allow":["GET"]}}],"collection":[{"href":"https:\/\/www.hirtenberg-apotheke.at\/katalog\/wp-json\/wp\/v2\/product"}],"about":[{"href":"https:\/\/www.hirtenberg-apotheke.at\/katalog\/wp-json\/wp\/v2\/types\/product"}],"wp:featuredmedia":[{"embeddable":true,"href":"https:\/\/www.hirtenberg-apotheke.at\/katalog\/wp-json\/wp\/v2\/media\/56355"}],"wp:attachment":[{"href":"https:\/\/www.hirtenberg-apotheke.at\/katalog\/wp-json\/wp\/v2\/media?parent=56353"}],"wp:term":[{"taxonomy":"product_brand","embeddable":true,"href":"https:\/\/www.hirtenberg-apotheke.at\/katalog\/wp-json\/wp\/v2\/product_brand?post=56353"},{"taxonomy":"product_cat","embeddable":true,"href":"https:\/\/www.hirtenberg-apotheke.at\/katalog\/wp-json\/wp\/v2\/product_cat?post=56353"},{"taxonomy":"product_tag","embeddable":true,"href":"https:\/\/www.hirtenberg-apotheke.at\/katalog\/wp-json\/wp\/v2\/product_tag?post=56353"}],"curies":[{"name":"wp","href":"https:\/\/api.w.org\/{rel}","templated":true}]}}