{"id":56431,"date":"2025-11-26T16:58:58","date_gmt":"2025-11-26T15:58:58","guid":{"rendered":"https:\/\/www.hirtenberg-apotheke.at\/katalog\/produkt\/vitis-gingival-mundspuelung-500-ml\/"},"modified":"2025-11-26T16:59:07","modified_gmt":"2025-11-26T15:59:07","slug":"vitis-gingival-mundspuelung-500-ml","status":"publish","type":"product","link":"https:\/\/www.hirtenberg-apotheke.at\/katalog\/produkt\/vitis-gingival-mundspuelung-500-ml\/","title":{"rendered":"Vitis Gingival Mundsp\u00fclung 500 ml"},"content":{"rendered":"<p>Vitis Gingival Mundsp\u00fclung dient der pr\u00e4ventiven Behandlung bei empfindlichem und sensiblem Zahnfleisch und verringert die Ansammlung von Zahnbelag, hemmt die Plaquebildung und sch\u00fctzt vor Zahnfleischentz\u00fcndungen.<\/p>\n","protected":false},"excerpt":{"rendered":"<p>Vitis Gingival Mundsp\u00fclung dient der pr\u00e4ventiven Behandlung bei empfindlichem und sensiblem Zahnfleisch und verringert die Ansammlung von Zahnbelag, hemmt die Plaquebildung und sch\u00fctzt vor Zahnfleischentz\u00fcndungen.<\/p>\n","protected":false},"featured_media":0,"template":"","meta":{"_acf_changed":false},"product_brand":[],"product_cat":[300],"product_tag":[],"class_list":{"0":"post-56431","1":"product","2":"type-product","3":"status-publish","5":"product_cat-v","6":"pa_packungsgroesse-500ml","8":"first","9":"instock","10":"shipping-taxable","11":"purchasable","12":"product-type-simple"},"acf":[],"_links":{"self":[{"href":"https:\/\/www.hirtenberg-apotheke.at\/katalog\/wp-json\/wp\/v2\/product\/56431","targetHints":{"allow":["GET"]}}],"collection":[{"href":"https:\/\/www.hirtenberg-apotheke.at\/katalog\/wp-json\/wp\/v2\/product"}],"about":[{"href":"https:\/\/www.hirtenberg-apotheke.at\/katalog\/wp-json\/wp\/v2\/types\/product"}],"wp:attachment":[{"href":"https:\/\/www.hirtenberg-apotheke.at\/katalog\/wp-json\/wp\/v2\/media?parent=56431"}],"wp:term":[{"taxonomy":"product_brand","embeddable":true,"href":"https:\/\/www.hirtenberg-apotheke.at\/katalog\/wp-json\/wp\/v2\/product_brand?post=56431"},{"taxonomy":"product_cat","embeddable":true,"href":"https:\/\/www.hirtenberg-apotheke.at\/katalog\/wp-json\/wp\/v2\/product_cat?post=56431"},{"taxonomy":"product_tag","embeddable":true,"href":"https:\/\/www.hirtenberg-apotheke.at\/katalog\/wp-json\/wp\/v2\/product_tag?post=56431"}],"curies":[{"name":"wp","href":"https:\/\/api.w.org\/{rel}","templated":true}]}}