{"id":56433,"date":"2025-11-26T16:58:58","date_gmt":"2025-11-26T15:58:58","guid":{"rendered":"https:\/\/www.hirtenberg-apotheke.at\/katalog\/produkt\/drapal-kraeuter-salz-500-g-nachfuelldose\/"},"modified":"2025-11-26T16:59:24","modified_gmt":"2025-11-26T15:59:24","slug":"drapal-kraeuter-salz-500-g-nachfuelldose","status":"publish","type":"product","link":"https:\/\/www.hirtenberg-apotheke.at\/katalog\/produkt\/drapal-kraeuter-salz-500-g-nachfuelldose\/","title":{"rendered":"Drapal Kr\u00e4uter Salz 500 g Nachf\u00fclldose"},"content":{"rendered":"<p>Drapal Kr\u00e4utersalz veredelt Ihre Speisen, damit Gutes noch besser wird! Mithilfe des hohen Gehaltes an BIO-Kr\u00e4utern, dem w\u00fcrzigen Aroma und dem ausgezeichneten Geschmack . Die gro\u00dfe Ergiebigkeit wird Sie positiv \u00fcberraschen. .<\/p>\n","protected":false},"excerpt":{"rendered":"<p>Drapal Kr\u00e4utersalz veredelt Ihre Speisen, damit Gutes noch besser wird! Mithilfe des hohen Gehaltes an BIO-Kr\u00e4utern, dem w\u00fcrzigen Aroma und dem ausgezeichneten Geschmack . Die gro\u00dfe Ergiebigkeit wird Sie positiv \u00fcberraschen. .<\/p>\n","protected":false},"featured_media":56435,"template":"","meta":{"_acf_changed":false},"product_brand":[],"product_cat":[295],"product_tag":[],"class_list":{"0":"post-56433","1":"product","2":"type-product","3":"status-publish","4":"has-post-thumbnail","6":"product_cat-d","7":"pa_packungsgroesse-500g","9":"first","10":"instock","11":"shipping-taxable","12":"purchasable","13":"product-type-simple"},"acf":[],"_links":{"self":[{"href":"https:\/\/www.hirtenberg-apotheke.at\/katalog\/wp-json\/wp\/v2\/product\/56433","targetHints":{"allow":["GET"]}}],"collection":[{"href":"https:\/\/www.hirtenberg-apotheke.at\/katalog\/wp-json\/wp\/v2\/product"}],"about":[{"href":"https:\/\/www.hirtenberg-apotheke.at\/katalog\/wp-json\/wp\/v2\/types\/product"}],"wp:featuredmedia":[{"embeddable":true,"href":"https:\/\/www.hirtenberg-apotheke.at\/katalog\/wp-json\/wp\/v2\/media\/56435"}],"wp:attachment":[{"href":"https:\/\/www.hirtenberg-apotheke.at\/katalog\/wp-json\/wp\/v2\/media?parent=56433"}],"wp:term":[{"taxonomy":"product_brand","embeddable":true,"href":"https:\/\/www.hirtenberg-apotheke.at\/katalog\/wp-json\/wp\/v2\/product_brand?post=56433"},{"taxonomy":"product_cat","embeddable":true,"href":"https:\/\/www.hirtenberg-apotheke.at\/katalog\/wp-json\/wp\/v2\/product_cat?post=56433"},{"taxonomy":"product_tag","embeddable":true,"href":"https:\/\/www.hirtenberg-apotheke.at\/katalog\/wp-json\/wp\/v2\/product_tag?post=56433"}],"curies":[{"name":"wp","href":"https:\/\/api.w.org\/{rel}","templated":true}]}}