{"id":56494,"date":"2025-11-26T16:59:51","date_gmt":"2025-11-26T15:59:51","guid":{"rendered":"https:\/\/www.hirtenberg-apotheke.at\/katalog\/produkt\/bekra-mineral-fussgeruch-stop-spray-150-ml\/"},"modified":"2025-11-26T17:00:35","modified_gmt":"2025-11-26T16:00:35","slug":"bekra-mineral-fussgeruch-stop-spray-150-ml","status":"publish","type":"product","link":"https:\/\/www.hirtenberg-apotheke.at\/katalog\/produkt\/bekra-mineral-fussgeruch-stop-spray-150-ml\/","title":{"rendered":"Bekra Mineral Fu\u00dfgeruch Stop Spray 150 ml"},"content":{"rendered":"<p>Bekra Mineral Fu\u00dfgeruch Stop Spray stoppt Fu\u00dfgeruch und Schwei\u00dfbildung und sorgt f\u00fcr bis zu 24h Stunden Wirkung und Frische. Au\u00dferdem beugt der Spray Fu\u00dfpilz vor und ist frei von Farbstoffen und Treibgas. Mit hautvertr\u00e4glichen Pflegestoffen f\u00fcr eine sanfte Pflege.<\/p>\n","protected":false},"excerpt":{"rendered":"<p>Bekra Mineral Fu\u00dfgeruch Stop Spray stoppt Fu\u00dfgeruch und Schwei\u00dfbildung und sorgt f\u00fcr bis zu 24h Stunden Wirkung und Frische. Au\u00dferdem beugt der Spray Fu\u00dfpilz vor und ist frei von Farbstoffen und Treibgas. Mit hautvertr\u00e4glichen Pflegestoffen f\u00fcr eine sanfte Pflege.<\/p>\n","protected":false},"featured_media":0,"template":"","meta":{"_acf_changed":false},"product_brand":[],"product_cat":[292],"product_tag":[],"class_list":{"0":"post-56494","1":"product","2":"type-product","3":"status-publish","5":"product_cat-b","6":"pa_packungsgroesse-150ml","8":"first","9":"instock","10":"shipping-taxable","11":"purchasable","12":"product-type-simple"},"acf":[],"_links":{"self":[{"href":"https:\/\/www.hirtenberg-apotheke.at\/katalog\/wp-json\/wp\/v2\/product\/56494","targetHints":{"allow":["GET"]}}],"collection":[{"href":"https:\/\/www.hirtenberg-apotheke.at\/katalog\/wp-json\/wp\/v2\/product"}],"about":[{"href":"https:\/\/www.hirtenberg-apotheke.at\/katalog\/wp-json\/wp\/v2\/types\/product"}],"wp:attachment":[{"href":"https:\/\/www.hirtenberg-apotheke.at\/katalog\/wp-json\/wp\/v2\/media?parent=56494"}],"wp:term":[{"taxonomy":"product_brand","embeddable":true,"href":"https:\/\/www.hirtenberg-apotheke.at\/katalog\/wp-json\/wp\/v2\/product_brand?post=56494"},{"taxonomy":"product_cat","embeddable":true,"href":"https:\/\/www.hirtenberg-apotheke.at\/katalog\/wp-json\/wp\/v2\/product_cat?post=56494"},{"taxonomy":"product_tag","embeddable":true,"href":"https:\/\/www.hirtenberg-apotheke.at\/katalog\/wp-json\/wp\/v2\/product_tag?post=56494"}],"curies":[{"name":"wp","href":"https:\/\/api.w.org\/{rel}","templated":true}]}}