{"id":56496,"date":"2025-11-26T17:00:35","date_gmt":"2025-11-26T16:00:35","guid":{"rendered":"https:\/\/www.hirtenberg-apotheke.at\/katalog\/produkt\/persisches-wuestensalz-1-kg\/"},"modified":"2025-11-26T17:00:38","modified_gmt":"2025-11-26T16:00:38","slug":"persisches-wuestensalz-1-kg","status":"publish","type":"product","link":"https:\/\/www.hirtenberg-apotheke.at\/katalog\/produkt\/persisches-wuestensalz-1-kg\/","title":{"rendered":"Persisches W\u00fcstensalz 1 kg"},"content":{"rendered":"<p>Das Natursalz aus der W\u00fcste Lut in Persien ist durch ein Ur-Meer entstanden. Es ist vor Millionen Jahren unter hohem Druck im Erdinneren herangereift und war keinen Verunreinigungen ausgesetzt. Die im Natursalz vorhandenen Spurenelemente und Mineralien sind in mehr als 200 chemischen Verbindungen und 90 Elementen gebunden. Dies erm\u00f6glicht dem K\u00f6rper die notwendige Aufnahme der nat\u00fcrlichen Antagonisten (nat\u00fcrliche Gegenspieler) wie Kalium, Magnesium, Kalzium sowie aller daran beteiligten Spurenelemente. Natursalz hat eine bestimmte kristalline Struktur. In diesem basischem Natursalz wurde die Sonnenenergie in reinster Form gespeichtert. Durch Zugabe von Wasser wird die darin enthaltene Energie in der Sole freigesetzt. Herkunft &#038; Bearbeitung: Die Salzbrocken aus Persien sind von Hand selektiert, danach gewaschen und sonnengetrocknet. Das Salz wird in \u00d6sterreich nach dem Lebensmittelgesetz gepr\u00fcft und abgepackt. Anwendung: Kochen, W\u00fcrzen, Sole- und Salz-Anwendungen  ideal f\u00fcr Salate, Sole-Trinkkur, Sole-Bad (speziell bei Hautproblemen wie Neurodermitis\/Schuppenflechte), Sole-Inhalation, Sole-Sp\u00fclungen, Sole-Einreibungen, Mund- und Zahnhygiene usw.Zum Baden: Verwenden Sie ca. 1 kg. Salz f\u00fcr eine Wanne &#8211; Badetemperatur ca. 36\u00b0C, etwa 15-20 Minuten baden. Danach ohne abtrocknen 10 Minuten zugedeckt ruhen. Erstellung der Sole: Natursalz in ein verschlie\u00dfbares Glas geben &#8211; ungef\u00e4hr zur H\u00e4lfte Salz und dann mit Quellwasser auff\u00fcllen. \u00dcber Nacht stehen lassen. Nach Aufl\u00f6sung des Salzes entsteht eine 26%ige ges\u00e4ttigte kristalline Solel\u00f6sung. .<\/p>\n","protected":false},"excerpt":{"rendered":"<p>Das Natursalz aus der W\u00fcste Lut in Persien ist durch ein Ur-Meer entstanden. Es ist vor Millionen Jahren unter hohem Druck im Erdinneren herangereift und war keinen Verunreinigungen ausgesetzt. Die im Natursalz vorhandenen Spurenelemente und Mineralien sind in mehr als 200 chemischen Verbindungen und 90 Elementen gebunden. Dies erm\u00f6glicht dem K\u00f6rper die notwendige Aufnahme der [&hellip;]<\/p>\n","protected":false},"featured_media":56498,"template":"","meta":{"_acf_changed":false},"product_brand":[],"product_cat":[302],"product_tag":[],"class_list":{"0":"post-56496","1":"product","2":"type-product","3":"status-publish","4":"has-post-thumbnail","6":"product_cat-p","7":"pa_packungsgroesse-1-stueck","9":"first","10":"instock","11":"shipping-taxable","12":"purchasable","13":"product-type-simple"},"acf":[],"_links":{"self":[{"href":"https:\/\/www.hirtenberg-apotheke.at\/katalog\/wp-json\/wp\/v2\/product\/56496","targetHints":{"allow":["GET"]}}],"collection":[{"href":"https:\/\/www.hirtenberg-apotheke.at\/katalog\/wp-json\/wp\/v2\/product"}],"about":[{"href":"https:\/\/www.hirtenberg-apotheke.at\/katalog\/wp-json\/wp\/v2\/types\/product"}],"wp:featuredmedia":[{"embeddable":true,"href":"https:\/\/www.hirtenberg-apotheke.at\/katalog\/wp-json\/wp\/v2\/media\/56498"}],"wp:attachment":[{"href":"https:\/\/www.hirtenberg-apotheke.at\/katalog\/wp-json\/wp\/v2\/media?parent=56496"}],"wp:term":[{"taxonomy":"product_brand","embeddable":true,"href":"https:\/\/www.hirtenberg-apotheke.at\/katalog\/wp-json\/wp\/v2\/product_brand?post=56496"},{"taxonomy":"product_cat","embeddable":true,"href":"https:\/\/www.hirtenberg-apotheke.at\/katalog\/wp-json\/wp\/v2\/product_cat?post=56496"},{"taxonomy":"product_tag","embeddable":true,"href":"https:\/\/www.hirtenberg-apotheke.at\/katalog\/wp-json\/wp\/v2\/product_tag?post=56496"}],"curies":[{"name":"wp","href":"https:\/\/api.w.org\/{rel}","templated":true}]}}