{"id":56503,"date":"2025-11-26T17:00:35","date_gmt":"2025-11-26T16:00:35","guid":{"rendered":"https:\/\/www.hirtenberg-apotheke.at\/katalog\/produkt\/koehle-elixier-brennnesselholunderschwarzdorn-500-ml\/"},"modified":"2025-11-26T17:00:43","modified_gmt":"2025-11-26T16:00:43","slug":"koehle-elixier-brennnesselholunderschwarzdorn-500-ml","status":"publish","type":"product","link":"https:\/\/www.hirtenberg-apotheke.at\/katalog\/produkt\/koehle-elixier-brennnesselholunderschwarzdorn-500-ml\/","title":{"rendered":"Koehle Elixier Brennnessel+Holunder+Schwarzdorn 500 ml"},"content":{"rendered":"<p>Seit den Anf\u00e4ngen der Kr\u00e4utermanufaktur Koehle vor 30 Jahren forscht das Unternehmen und so entstanden bis heute mehr als 500 verschieden Spezialit\u00e4ten in Form von Elixieren, Tinkturen, Essenzen, Salben und \u00d6len.Bei der Herstellung nutzt Koehle einen g\u00fcltigen Grundsatz, der von Paracelsus gepr\u00e4gt worden ist: Willst du den ganzen Menschen heilen, verwende die ganze Pflanze!\u201c Dabei gilt es, alle Inhaltsstoffe der Pflanze in die Kostbarkeiten einflie\u00dfen zu lassen \u2013 jetzt mit hohem Rabatt Produkte von Koehle ordern!<\/p>\n","protected":false},"excerpt":{"rendered":"<p>Seit den Anf\u00e4ngen der Kr\u00e4utermanufaktur Koehle vor 30 Jahren forscht das Unternehmen und so entstanden bis heute mehr als 500 verschieden Spezialit\u00e4ten in Form von Elixieren, Tinkturen, Essenzen, Salben und \u00d6len.Bei der Herstellung nutzt Koehle einen g\u00fcltigen Grundsatz, der von Paracelsus gepr\u00e4gt worden ist: Willst du den ganzen Menschen heilen, verwende die ganze Pflanze!\u201c Dabei [&hellip;]<\/p>\n","protected":false},"featured_media":56505,"template":"","meta":{"_acf_changed":false},"product_brand":[],"product_cat":[387],"product_tag":[],"class_list":{"0":"post-56503","1":"product","2":"type-product","3":"status-publish","4":"has-post-thumbnail","6":"product_cat-k","7":"pa_packungsgroesse-500ml","9":"first","10":"instock","11":"shipping-taxable","12":"purchasable","13":"product-type-simple"},"acf":[],"_links":{"self":[{"href":"https:\/\/www.hirtenberg-apotheke.at\/katalog\/wp-json\/wp\/v2\/product\/56503","targetHints":{"allow":["GET"]}}],"collection":[{"href":"https:\/\/www.hirtenberg-apotheke.at\/katalog\/wp-json\/wp\/v2\/product"}],"about":[{"href":"https:\/\/www.hirtenberg-apotheke.at\/katalog\/wp-json\/wp\/v2\/types\/product"}],"wp:featuredmedia":[{"embeddable":true,"href":"https:\/\/www.hirtenberg-apotheke.at\/katalog\/wp-json\/wp\/v2\/media\/56505"}],"wp:attachment":[{"href":"https:\/\/www.hirtenberg-apotheke.at\/katalog\/wp-json\/wp\/v2\/media?parent=56503"}],"wp:term":[{"taxonomy":"product_brand","embeddable":true,"href":"https:\/\/www.hirtenberg-apotheke.at\/katalog\/wp-json\/wp\/v2\/product_brand?post=56503"},{"taxonomy":"product_cat","embeddable":true,"href":"https:\/\/www.hirtenberg-apotheke.at\/katalog\/wp-json\/wp\/v2\/product_cat?post=56503"},{"taxonomy":"product_tag","embeddable":true,"href":"https:\/\/www.hirtenberg-apotheke.at\/katalog\/wp-json\/wp\/v2\/product_tag?post=56503"}],"curies":[{"name":"wp","href":"https:\/\/api.w.org\/{rel}","templated":true}]}}