{"id":56523,"date":"2025-11-26T17:01:05","date_gmt":"2025-11-26T16:01:05","guid":{"rendered":"https:\/\/www.hirtenberg-apotheke.at\/katalog\/produkt\/melissen-extrakt-500mg-kapseln-60-stk\/"},"modified":"2025-11-26T17:01:07","modified_gmt":"2025-11-26T16:01:07","slug":"melissen-extrakt-500mg-kapseln-60-stk","status":"publish","type":"product","link":"https:\/\/www.hirtenberg-apotheke.at\/katalog\/produkt\/melissen-extrakt-500mg-kapseln-60-stk\/","title":{"rendered":"Melissen Extrakt 500mg Kapseln 60 Stk."},"content":{"rendered":"<p>Melissen Extrakt 500mg Kapseln sind ein Nahrungserg\u00e4nzungsmittel, welches aus den Bl\u00e4ttern der Melisse gewonnen wird. Seit geraumer Zeit wird diese als Gew\u00fcrz- und Bienenpflanze gesch\u00e4tzt. Die auch unter dem Namen Zitronenmelisse bekannte krautige Pflanze liefert uns die an Inhaltsstoffen reichen breit-eif\u00f6rmig geformten, grob gekerbten und sp\u00e4rlich behaarten Bl\u00e4tter.<\/p>\n","protected":false},"excerpt":{"rendered":"<p>Melissen Extrakt 500mg Kapseln sind ein Nahrungserg\u00e4nzungsmittel, welches aus den Bl\u00e4ttern der Melisse gewonnen wird. Seit geraumer Zeit wird diese als Gew\u00fcrz- und Bienenpflanze gesch\u00e4tzt. Die auch unter dem Namen Zitronenmelisse bekannte krautige Pflanze liefert uns die an Inhaltsstoffen reichen breit-eif\u00f6rmig geformten, grob gekerbten und sp\u00e4rlich behaarten Bl\u00e4tter.<\/p>\n","protected":false},"featured_media":0,"template":"","meta":{"_acf_changed":false},"product_brand":[],"product_cat":[308],"product_tag":[],"class_list":{"0":"post-56523","1":"product","2":"type-product","3":"status-publish","5":"product_cat-m","6":"pa_packungsgroesse-60-stueck","8":"first","9":"instock","10":"shipping-taxable","11":"purchasable","12":"product-type-simple"},"acf":[],"_links":{"self":[{"href":"https:\/\/www.hirtenberg-apotheke.at\/katalog\/wp-json\/wp\/v2\/product\/56523","targetHints":{"allow":["GET"]}}],"collection":[{"href":"https:\/\/www.hirtenberg-apotheke.at\/katalog\/wp-json\/wp\/v2\/product"}],"about":[{"href":"https:\/\/www.hirtenberg-apotheke.at\/katalog\/wp-json\/wp\/v2\/types\/product"}],"wp:attachment":[{"href":"https:\/\/www.hirtenberg-apotheke.at\/katalog\/wp-json\/wp\/v2\/media?parent=56523"}],"wp:term":[{"taxonomy":"product_brand","embeddable":true,"href":"https:\/\/www.hirtenberg-apotheke.at\/katalog\/wp-json\/wp\/v2\/product_brand?post=56523"},{"taxonomy":"product_cat","embeddable":true,"href":"https:\/\/www.hirtenberg-apotheke.at\/katalog\/wp-json\/wp\/v2\/product_cat?post=56523"},{"taxonomy":"product_tag","embeddable":true,"href":"https:\/\/www.hirtenberg-apotheke.at\/katalog\/wp-json\/wp\/v2\/product_tag?post=56523"}],"curies":[{"name":"wp","href":"https:\/\/api.w.org\/{rel}","templated":true}]}}