{"id":56546,"date":"2025-11-26T17:01:32","date_gmt":"2025-11-26T16:01:32","guid":{"rendered":"https:\/\/www.hirtenberg-apotheke.at\/katalog\/produkt\/nuxe-nuxellence-anti-aging-pflege-men-50-ml\/"},"modified":"2025-11-26T17:01:37","modified_gmt":"2025-11-26T16:01:37","slug":"nuxe-nuxellence-anti-aging-pflege-men-50-ml","status":"publish","type":"product","link":"https:\/\/www.hirtenberg-apotheke.at\/katalog\/produkt\/nuxe-nuxellence-anti-aging-pflege-men-50-ml\/","title":{"rendered":"Nuxe Nuxellence Anti-Aging-Pflege Men 50 ml"},"content":{"rendered":"<p>Nuxe Nuxellance Anti-Aging-Pflege Men mit Extrakten aus Eiche, Wei\u00dfbuche, Passionsblume und Hyalurons\u00e4ure gibt der Haut Ihre Energie zur\u00fcck und verj\u00fcngt sie. Die Haut wirkt lebendiger und glatter, Falten werden aufgef\u00fcllt und der Teint wieder zum Strahlen gebracht.<\/p>\n","protected":false},"excerpt":{"rendered":"<p>Nuxe Nuxellance Anti-Aging-Pflege Men mit Extrakten aus Eiche, Wei\u00dfbuche, Passionsblume und Hyalurons\u00e4ure gibt der Haut Ihre Energie zur\u00fcck und verj\u00fcngt sie. Die Haut wirkt lebendiger und glatter, Falten werden aufgef\u00fcllt und der Teint wieder zum Strahlen gebracht.<\/p>\n","protected":false},"featured_media":56548,"template":"","meta":{"_acf_changed":false},"product_brand":[720],"product_cat":[310],"product_tag":[],"class_list":{"0":"post-56546","1":"product","2":"type-product","3":"status-publish","4":"has-post-thumbnail","6":"product_brand-nuxe","7":"product_cat-n","8":"pa_packungsgroesse-50ml","10":"first","11":"instock","12":"shipping-taxable","13":"purchasable","14":"product-type-simple"},"acf":[],"_links":{"self":[{"href":"https:\/\/www.hirtenberg-apotheke.at\/katalog\/wp-json\/wp\/v2\/product\/56546","targetHints":{"allow":["GET"]}}],"collection":[{"href":"https:\/\/www.hirtenberg-apotheke.at\/katalog\/wp-json\/wp\/v2\/product"}],"about":[{"href":"https:\/\/www.hirtenberg-apotheke.at\/katalog\/wp-json\/wp\/v2\/types\/product"}],"wp:featuredmedia":[{"embeddable":true,"href":"https:\/\/www.hirtenberg-apotheke.at\/katalog\/wp-json\/wp\/v2\/media\/56548"}],"wp:attachment":[{"href":"https:\/\/www.hirtenberg-apotheke.at\/katalog\/wp-json\/wp\/v2\/media?parent=56546"}],"wp:term":[{"taxonomy":"product_brand","embeddable":true,"href":"https:\/\/www.hirtenberg-apotheke.at\/katalog\/wp-json\/wp\/v2\/product_brand?post=56546"},{"taxonomy":"product_cat","embeddable":true,"href":"https:\/\/www.hirtenberg-apotheke.at\/katalog\/wp-json\/wp\/v2\/product_cat?post=56546"},{"taxonomy":"product_tag","embeddable":true,"href":"https:\/\/www.hirtenberg-apotheke.at\/katalog\/wp-json\/wp\/v2\/product_tag?post=56546"}],"curies":[{"name":"wp","href":"https:\/\/api.w.org\/{rel}","templated":true}]}}