{"id":56612,"date":"2025-11-26T17:03:08","date_gmt":"2025-11-26T16:03:08","guid":{"rendered":"https:\/\/www.hirtenberg-apotheke.at\/katalog\/produkt\/resource-diabet-plus-200-erdbeer-1-stk\/"},"modified":"2025-11-26T17:03:17","modified_gmt":"2025-11-26T16:03:17","slug":"resource-diabet-plus-200-erdbeer-1-stk","status":"publish","type":"product","link":"https:\/\/www.hirtenberg-apotheke.at\/katalog\/produkt\/resource-diabet-plus-200-erdbeer-1-stk\/","title":{"rendered":"Resource Diabet Plus 200 Erdbeer 1 Stk."},"content":{"rendered":"<p>Resource Diabet Plus wird empfohlen bei: Fehlende oder eingeschr\u00e4nkte F\u00e4higkeit zur ausreichenden normalen Ern\u00e4hrung &#038; drohende oder bestehende Mangelern\u00e4hrung, besonders geeignet bei Glucose-Stoffwechsel-St\u00f6rungen (z.B. Diabetes Mellitus).Resource\u00ae Trinknahrungen sollten nicht eingesetzt werden bei allen Krankheiten bzw. Zust\u00e4nden, bei denen eine orale Nahrungsaufnahme kontraindiziert ist.<\/p>\n","protected":false},"excerpt":{"rendered":"<p>Resource Diabet Plus wird empfohlen bei: Fehlende oder eingeschr\u00e4nkte F\u00e4higkeit zur ausreichenden normalen Ern\u00e4hrung &#038; drohende oder bestehende Mangelern\u00e4hrung, besonders geeignet bei Glucose-Stoffwechsel-St\u00f6rungen (z.B. Diabetes Mellitus).Resource\u00ae Trinknahrungen sollten nicht eingesetzt werden bei allen Krankheiten bzw. Zust\u00e4nden, bei denen eine orale Nahrungsaufnahme kontraindiziert ist.<\/p>\n","protected":false},"featured_media":56614,"template":"","meta":{"_acf_changed":false},"product_brand":[],"product_cat":[311],"product_tag":[],"class_list":{"0":"post-56612","1":"product","2":"type-product","3":"status-publish","4":"has-post-thumbnail","6":"product_cat-r","7":"pa_packungsgroesse-1-stueck","9":"first","10":"instock","11":"shipping-taxable","12":"purchasable","13":"product-type-simple"},"acf":[],"_links":{"self":[{"href":"https:\/\/www.hirtenberg-apotheke.at\/katalog\/wp-json\/wp\/v2\/product\/56612","targetHints":{"allow":["GET"]}}],"collection":[{"href":"https:\/\/www.hirtenberg-apotheke.at\/katalog\/wp-json\/wp\/v2\/product"}],"about":[{"href":"https:\/\/www.hirtenberg-apotheke.at\/katalog\/wp-json\/wp\/v2\/types\/product"}],"wp:featuredmedia":[{"embeddable":true,"href":"https:\/\/www.hirtenberg-apotheke.at\/katalog\/wp-json\/wp\/v2\/media\/56614"}],"wp:attachment":[{"href":"https:\/\/www.hirtenberg-apotheke.at\/katalog\/wp-json\/wp\/v2\/media?parent=56612"}],"wp:term":[{"taxonomy":"product_brand","embeddable":true,"href":"https:\/\/www.hirtenberg-apotheke.at\/katalog\/wp-json\/wp\/v2\/product_brand?post=56612"},{"taxonomy":"product_cat","embeddable":true,"href":"https:\/\/www.hirtenberg-apotheke.at\/katalog\/wp-json\/wp\/v2\/product_cat?post=56612"},{"taxonomy":"product_tag","embeddable":true,"href":"https:\/\/www.hirtenberg-apotheke.at\/katalog\/wp-json\/wp\/v2\/product_tag?post=56612"}],"curies":[{"name":"wp","href":"https:\/\/api.w.org\/{rel}","templated":true}]}}