{"id":56627,"date":"2025-11-26T17:03:08","date_gmt":"2025-11-26T16:03:08","guid":{"rendered":"https:\/\/www.hirtenberg-apotheke.at\/katalog\/produkt\/gall-pharma-curryblatt-extrakt-500mg-kapseln-120-stk\/"},"modified":"2025-11-26T17:03:28","modified_gmt":"2025-11-26T16:03:28","slug":"gall-pharma-curryblatt-extrakt-500mg-kapseln-120-stk","status":"publish","type":"product","link":"https:\/\/www.hirtenberg-apotheke.at\/katalog\/produkt\/gall-pharma-curryblatt-extrakt-500mg-kapseln-120-stk\/","title":{"rendered":"Gall Pharma Curryblatt Extrakt 500mg Kapseln 120 Stk."},"content":{"rendered":"<p>Curryblattextrakt 500 mg GPH Kapseln enthalten 500 mg Curryblatt Extrakt und 89 mg Hagebuttenfr\u00fcchte Extrakt in einer Cellulosekapsel. Die Bl\u00e4tter des Currybaums beinhalten neben vielen anderen Bestandteilen auch nat\u00fcrliches Eisen. Eingebettet in den Pflanzenextrakt wird das organisch gebundene Eisen besonders gut resorbiert und vertragen. Das nat\u00fcrliche Vitamin C aus den Hagebutten Fr\u00fcchten erh\u00f6ht zus\u00e4tzlich die Bioverf\u00fcgbarkeit von Eisen<\/p>\n","protected":false},"excerpt":{"rendered":"<p>Curryblattextrakt 500 mg GPH Kapseln enthalten 500 mg Curryblatt Extrakt und 89 mg Hagebuttenfr\u00fcchte Extrakt in einer Cellulosekapsel. Die Bl\u00e4tter des Currybaums beinhalten neben vielen anderen Bestandteilen auch nat\u00fcrliches Eisen. Eingebettet in den Pflanzenextrakt wird das organisch gebundene Eisen besonders gut resorbiert und vertragen. Das nat\u00fcrliche Vitamin C aus den Hagebutten Fr\u00fcchten erh\u00f6ht zus\u00e4tzlich die [&hellip;]<\/p>\n","protected":false},"featured_media":56629,"template":"","meta":{"_acf_changed":false},"product_brand":[316],"product_cat":[328],"product_tag":[],"class_list":{"0":"post-56627","1":"product","2":"type-product","3":"status-publish","4":"has-post-thumbnail","6":"product_brand-gall-pharma","7":"product_cat-g","8":"pa_packungsgroesse-120-stueck","10":"first","11":"instock","12":"shipping-taxable","13":"purchasable","14":"product-type-simple"},"acf":[],"_links":{"self":[{"href":"https:\/\/www.hirtenberg-apotheke.at\/katalog\/wp-json\/wp\/v2\/product\/56627","targetHints":{"allow":["GET"]}}],"collection":[{"href":"https:\/\/www.hirtenberg-apotheke.at\/katalog\/wp-json\/wp\/v2\/product"}],"about":[{"href":"https:\/\/www.hirtenberg-apotheke.at\/katalog\/wp-json\/wp\/v2\/types\/product"}],"wp:featuredmedia":[{"embeddable":true,"href":"https:\/\/www.hirtenberg-apotheke.at\/katalog\/wp-json\/wp\/v2\/media\/56629"}],"wp:attachment":[{"href":"https:\/\/www.hirtenberg-apotheke.at\/katalog\/wp-json\/wp\/v2\/media?parent=56627"}],"wp:term":[{"taxonomy":"product_brand","embeddable":true,"href":"https:\/\/www.hirtenberg-apotheke.at\/katalog\/wp-json\/wp\/v2\/product_brand?post=56627"},{"taxonomy":"product_cat","embeddable":true,"href":"https:\/\/www.hirtenberg-apotheke.at\/katalog\/wp-json\/wp\/v2\/product_cat?post=56627"},{"taxonomy":"product_tag","embeddable":true,"href":"https:\/\/www.hirtenberg-apotheke.at\/katalog\/wp-json\/wp\/v2\/product_tag?post=56627"}],"curies":[{"name":"wp","href":"https:\/\/api.w.org\/{rel}","templated":true}]}}