{"id":56635,"date":"2025-11-26T17:03:08","date_gmt":"2025-11-26T16:03:08","guid":{"rendered":"https:\/\/www.hirtenberg-apotheke.at\/katalog\/produkt\/melasan-gruene-mineralerde-400-g\/"},"modified":"2025-11-26T17:03:45","modified_gmt":"2025-11-26T16:03:45","slug":"melasan-gruene-mineralerde-400-g","status":"publish","type":"product","link":"https:\/\/www.hirtenberg-apotheke.at\/katalog\/produkt\/melasan-gruene-mineralerde-400-g\/","title":{"rendered":"Melasan Gr\u00fcne Mineralerde 400 g"},"content":{"rendered":"<p>Melasan Gr\u00fcne Mineralerde Pulver 400 g reinigt den K\u00f6rper von innen, wirkt kl\u00e4rend bei Hautunreinheiten und eignet sich ideal als Maske, Pflaster &#038; Umschlag.<\/p>\n","protected":false},"excerpt":{"rendered":"<p>Melasan Gr\u00fcne Mineralerde Pulver 400 g reinigt den K\u00f6rper von innen, wirkt kl\u00e4rend bei Hautunreinheiten und eignet sich ideal als Maske, Pflaster &#038; Umschlag.<\/p>\n","protected":false},"featured_media":56637,"template":"","meta":{"_acf_changed":false},"product_brand":[323],"product_cat":[308],"product_tag":[],"class_list":{"0":"post-56635","1":"product","2":"type-product","3":"status-publish","4":"has-post-thumbnail","6":"product_brand-melasan","7":"product_cat-m","8":"pa_packungsgroesse-400g","10":"first","11":"instock","12":"shipping-taxable","13":"purchasable","14":"product-type-simple"},"acf":[],"_links":{"self":[{"href":"https:\/\/www.hirtenberg-apotheke.at\/katalog\/wp-json\/wp\/v2\/product\/56635","targetHints":{"allow":["GET"]}}],"collection":[{"href":"https:\/\/www.hirtenberg-apotheke.at\/katalog\/wp-json\/wp\/v2\/product"}],"about":[{"href":"https:\/\/www.hirtenberg-apotheke.at\/katalog\/wp-json\/wp\/v2\/types\/product"}],"wp:featuredmedia":[{"embeddable":true,"href":"https:\/\/www.hirtenberg-apotheke.at\/katalog\/wp-json\/wp\/v2\/media\/56637"}],"wp:attachment":[{"href":"https:\/\/www.hirtenberg-apotheke.at\/katalog\/wp-json\/wp\/v2\/media?parent=56635"}],"wp:term":[{"taxonomy":"product_brand","embeddable":true,"href":"https:\/\/www.hirtenberg-apotheke.at\/katalog\/wp-json\/wp\/v2\/product_brand?post=56635"},{"taxonomy":"product_cat","embeddable":true,"href":"https:\/\/www.hirtenberg-apotheke.at\/katalog\/wp-json\/wp\/v2\/product_cat?post=56635"},{"taxonomy":"product_tag","embeddable":true,"href":"https:\/\/www.hirtenberg-apotheke.at\/katalog\/wp-json\/wp\/v2\/product_tag?post=56635"}],"curies":[{"name":"wp","href":"https:\/\/api.w.org\/{rel}","templated":true}]}}