{"id":56658,"date":"2025-11-26T17:03:44","date_gmt":"2025-11-26T16:03:44","guid":{"rendered":"https:\/\/www.hirtenberg-apotheke.at\/katalog\/produkt\/ren-moroccan-rose-ultra-moisture-koerperoel-100-ml\/"},"modified":"2025-11-26T17:04:02","modified_gmt":"2025-11-26T16:04:02","slug":"ren-moroccan-rose-ultra-moisture-koerperoel-100-ml","status":"publish","type":"product","link":"https:\/\/www.hirtenberg-apotheke.at\/katalog\/produkt\/ren-moroccan-rose-ultra-moisture-koerperoel-100-ml\/","title":{"rendered":"Ren Moroccan Rose Ultra Moisture K\u00f6rper\u00f6l 100 ml"},"content":{"rendered":"<p>Ren Moroccan Rose Ultra Moisture K\u00f6rper\u00f6l ist ein K\u00f6rper\u00f6l mit marokkanischem Rose Otto \u00d6l, das Feuchtigkeit in der Haut einschlie\u00dft. So schenkt dieses hochwertige Pflegeprodukt der Haut ein gesundes und jugendliches Strahlen.<\/p>\n","protected":false},"excerpt":{"rendered":"<p>Ren Moroccan Rose Ultra Moisture K\u00f6rper\u00f6l ist ein K\u00f6rper\u00f6l mit marokkanischem Rose Otto \u00d6l, das Feuchtigkeit in der Haut einschlie\u00dft. So schenkt dieses hochwertige Pflegeprodukt der Haut ein gesundes und jugendliches Strahlen.<\/p>\n","protected":false},"featured_media":0,"template":"","meta":{"_acf_changed":false},"product_brand":[],"product_cat":[311],"product_tag":[],"class_list":{"0":"post-56658","1":"product","2":"type-product","3":"status-publish","5":"product_cat-r","6":"pa_packungsgroesse-100ml","8":"first","9":"instock","10":"shipping-taxable","11":"purchasable","12":"product-type-simple"},"acf":[],"_links":{"self":[{"href":"https:\/\/www.hirtenberg-apotheke.at\/katalog\/wp-json\/wp\/v2\/product\/56658","targetHints":{"allow":["GET"]}}],"collection":[{"href":"https:\/\/www.hirtenberg-apotheke.at\/katalog\/wp-json\/wp\/v2\/product"}],"about":[{"href":"https:\/\/www.hirtenberg-apotheke.at\/katalog\/wp-json\/wp\/v2\/types\/product"}],"wp:attachment":[{"href":"https:\/\/www.hirtenberg-apotheke.at\/katalog\/wp-json\/wp\/v2\/media?parent=56658"}],"wp:term":[{"taxonomy":"product_brand","embeddable":true,"href":"https:\/\/www.hirtenberg-apotheke.at\/katalog\/wp-json\/wp\/v2\/product_brand?post=56658"},{"taxonomy":"product_cat","embeddable":true,"href":"https:\/\/www.hirtenberg-apotheke.at\/katalog\/wp-json\/wp\/v2\/product_cat?post=56658"},{"taxonomy":"product_tag","embeddable":true,"href":"https:\/\/www.hirtenberg-apotheke.at\/katalog\/wp-json\/wp\/v2\/product_tag?post=56658"}],"curies":[{"name":"wp","href":"https:\/\/api.w.org\/{rel}","templated":true}]}}