{"id":56785,"date":"2025-11-26T17:06:22","date_gmt":"2025-11-26T16:06:22","guid":{"rendered":"https:\/\/www.hirtenberg-apotheke.at\/katalog\/produkt\/madara-balancing-toner-200-ml\/"},"modified":"2025-11-26T17:06:33","modified_gmt":"2025-11-26T16:06:33","slug":"madara-balancing-toner-200-ml","status":"publish","type":"product","link":"https:\/\/www.hirtenberg-apotheke.at\/katalog\/produkt\/madara-balancing-toner-200-ml\/","title":{"rendered":"Madara Balancing Toner 200 ml"},"content":{"rendered":"<p>Madara Balancing Toner ist ein erfrischender und regulierender Toner, durch den die Haut ihren gesunden urspr\u00fcnglichen Zustand erh\u00e4lt. Die nat\u00fcrliche Schutzschicht der Haut wird erneuert, Poren werden minimiert und der nat\u00fcrliche pH-Wert der Haut wird reguliert.<\/p>\n","protected":false},"excerpt":{"rendered":"<p>Madara Balancing Toner ist ein erfrischender und regulierender Toner, durch den die Haut ihren gesunden urspr\u00fcnglichen Zustand erh\u00e4lt. Die nat\u00fcrliche Schutzschicht der Haut wird erneuert, Poren werden minimiert und der nat\u00fcrliche pH-Wert der Haut wird reguliert.<\/p>\n","protected":false},"featured_media":56787,"template":"","meta":{"_acf_changed":false},"product_brand":[1240],"product_cat":[308],"product_tag":[],"class_list":{"0":"post-56785","1":"product","2":"type-product","3":"status-publish","4":"has-post-thumbnail","6":"product_brand-madara","7":"product_cat-m","8":"pa_packungsgroesse-200ml","10":"first","11":"instock","12":"shipping-taxable","13":"purchasable","14":"product-type-simple"},"acf":[],"_links":{"self":[{"href":"https:\/\/www.hirtenberg-apotheke.at\/katalog\/wp-json\/wp\/v2\/product\/56785","targetHints":{"allow":["GET"]}}],"collection":[{"href":"https:\/\/www.hirtenberg-apotheke.at\/katalog\/wp-json\/wp\/v2\/product"}],"about":[{"href":"https:\/\/www.hirtenberg-apotheke.at\/katalog\/wp-json\/wp\/v2\/types\/product"}],"wp:featuredmedia":[{"embeddable":true,"href":"https:\/\/www.hirtenberg-apotheke.at\/katalog\/wp-json\/wp\/v2\/media\/56787"}],"wp:attachment":[{"href":"https:\/\/www.hirtenberg-apotheke.at\/katalog\/wp-json\/wp\/v2\/media?parent=56785"}],"wp:term":[{"taxonomy":"product_brand","embeddable":true,"href":"https:\/\/www.hirtenberg-apotheke.at\/katalog\/wp-json\/wp\/v2\/product_brand?post=56785"},{"taxonomy":"product_cat","embeddable":true,"href":"https:\/\/www.hirtenberg-apotheke.at\/katalog\/wp-json\/wp\/v2\/product_cat?post=56785"},{"taxonomy":"product_tag","embeddable":true,"href":"https:\/\/www.hirtenberg-apotheke.at\/katalog\/wp-json\/wp\/v2\/product_tag?post=56785"}],"curies":[{"name":"wp","href":"https:\/\/api.w.org\/{rel}","templated":true}]}}