{"id":56819,"date":"2025-11-26T17:06:54","date_gmt":"2025-11-26T16:06:54","guid":{"rendered":"https:\/\/www.hirtenberg-apotheke.at\/katalog\/produkt\/multinova-hericium-pulver-100-g-bio\/"},"modified":"2025-11-26T17:07:14","modified_gmt":"2025-11-26T16:07:14","slug":"multinova-hericium-pulver-100-g-bio","status":"publish","type":"product","link":"https:\/\/www.hirtenberg-apotheke.at\/katalog\/produkt\/multinova-hericium-pulver-100-g-bio\/","title":{"rendered":"Multinova Hericium Pulver 100 g BIO"},"content":{"rendered":"<p>Multinova Hericium Pulver wird gerne bei Magenproblemen und Antriebslosigkeit eingesetzt. Es st\u00e4rkt zudem den ganzen K\u00f6rper und sorgt f\u00fcr ein angenehmes K\u00f6rpergef\u00fchl. Das Produkt enth\u00e4lt teilweise biologische Inhaltsstoffe.<\/p>\n","protected":false},"excerpt":{"rendered":"<p>Multinova Hericium Pulver wird gerne bei Magenproblemen und Antriebslosigkeit eingesetzt. Es st\u00e4rkt zudem den ganzen K\u00f6rper und sorgt f\u00fcr ein angenehmes K\u00f6rpergef\u00fchl. Das Produkt enth\u00e4lt teilweise biologische Inhaltsstoffe.<\/p>\n","protected":false},"featured_media":0,"template":"","meta":{"_acf_changed":false},"product_brand":[],"product_cat":[308],"product_tag":[],"class_list":{"0":"post-56819","1":"product","2":"type-product","3":"status-publish","5":"product_cat-m","6":"pa_packungsgroesse-100g","8":"first","9":"instock","10":"shipping-taxable","11":"purchasable","12":"product-type-simple"},"acf":[],"_links":{"self":[{"href":"https:\/\/www.hirtenberg-apotheke.at\/katalog\/wp-json\/wp\/v2\/product\/56819","targetHints":{"allow":["GET"]}}],"collection":[{"href":"https:\/\/www.hirtenberg-apotheke.at\/katalog\/wp-json\/wp\/v2\/product"}],"about":[{"href":"https:\/\/www.hirtenberg-apotheke.at\/katalog\/wp-json\/wp\/v2\/types\/product"}],"wp:attachment":[{"href":"https:\/\/www.hirtenberg-apotheke.at\/katalog\/wp-json\/wp\/v2\/media?parent=56819"}],"wp:term":[{"taxonomy":"product_brand","embeddable":true,"href":"https:\/\/www.hirtenberg-apotheke.at\/katalog\/wp-json\/wp\/v2\/product_brand?post=56819"},{"taxonomy":"product_cat","embeddable":true,"href":"https:\/\/www.hirtenberg-apotheke.at\/katalog\/wp-json\/wp\/v2\/product_cat?post=56819"},{"taxonomy":"product_tag","embeddable":true,"href":"https:\/\/www.hirtenberg-apotheke.at\/katalog\/wp-json\/wp\/v2\/product_tag?post=56819"}],"curies":[{"name":"wp","href":"https:\/\/api.w.org\/{rel}","templated":true}]}}