{"id":56845,"date":"2025-11-26T17:07:26","date_gmt":"2025-11-26T16:07:26","guid":{"rendered":"https:\/\/www.hirtenberg-apotheke.at\/katalog\/produkt\/madara-deep-moisture-50-ml-fluid\/"},"modified":"2025-11-26T17:07:53","modified_gmt":"2025-11-26T16:07:53","slug":"madara-deep-moisture-50-ml-fluid","status":"publish","type":"product","link":"https:\/\/www.hirtenberg-apotheke.at\/katalog\/produkt\/madara-deep-moisture-50-ml-fluid\/","title":{"rendered":"Madara Deep Moisture 50 ml Fluid"},"content":{"rendered":"<p>Madara Deep Moisture Fluid ist die ideale intensive Feuchtigkeitsversorgung f\u00fcr normale bis Mischhaut. Phyto\u00f6strogene aus dem Wiesenklee regen die Kollagenbildung an und sorgen f\u00fcr ein st\u00e4rkeres und ges\u00fcnderes Gewebe der Haut. Polysaccharide versorgen die Haut 24 Stunden mit Feuchtigkeit. Die enthaltenen Himbeertannine helfen die Poren sanft zu straffen und wirken mattierend.<\/p>\n","protected":false},"excerpt":{"rendered":"<p>Madara Deep Moisture Fluid ist die ideale intensive Feuchtigkeitsversorgung f\u00fcr normale bis Mischhaut. Phyto\u00f6strogene aus dem Wiesenklee regen die Kollagenbildung an und sorgen f\u00fcr ein st\u00e4rkeres und ges\u00fcnderes Gewebe der Haut. Polysaccharide versorgen die Haut 24 Stunden mit Feuchtigkeit. Die enthaltenen Himbeertannine helfen die Poren sanft zu straffen und wirken mattierend.<\/p>\n","protected":false},"featured_media":56847,"template":"","meta":{"_acf_changed":false},"product_brand":[1240],"product_cat":[308],"product_tag":[],"class_list":{"0":"post-56845","1":"product","2":"type-product","3":"status-publish","4":"has-post-thumbnail","6":"product_brand-madara","7":"product_cat-m","8":"pa_packungsgroesse-50ml","10":"first","11":"instock","12":"shipping-taxable","13":"purchasable","14":"product-type-simple"},"acf":[],"_links":{"self":[{"href":"https:\/\/www.hirtenberg-apotheke.at\/katalog\/wp-json\/wp\/v2\/product\/56845","targetHints":{"allow":["GET"]}}],"collection":[{"href":"https:\/\/www.hirtenberg-apotheke.at\/katalog\/wp-json\/wp\/v2\/product"}],"about":[{"href":"https:\/\/www.hirtenberg-apotheke.at\/katalog\/wp-json\/wp\/v2\/types\/product"}],"wp:featuredmedia":[{"embeddable":true,"href":"https:\/\/www.hirtenberg-apotheke.at\/katalog\/wp-json\/wp\/v2\/media\/56847"}],"wp:attachment":[{"href":"https:\/\/www.hirtenberg-apotheke.at\/katalog\/wp-json\/wp\/v2\/media?parent=56845"}],"wp:term":[{"taxonomy":"product_brand","embeddable":true,"href":"https:\/\/www.hirtenberg-apotheke.at\/katalog\/wp-json\/wp\/v2\/product_brand?post=56845"},{"taxonomy":"product_cat","embeddable":true,"href":"https:\/\/www.hirtenberg-apotheke.at\/katalog\/wp-json\/wp\/v2\/product_cat?post=56845"},{"taxonomy":"product_tag","embeddable":true,"href":"https:\/\/www.hirtenberg-apotheke.at\/katalog\/wp-json\/wp\/v2\/product_tag?post=56845"}],"curies":[{"name":"wp","href":"https:\/\/api.w.org\/{rel}","templated":true}]}}