{"id":56905,"date":"2025-11-26T17:08:56","date_gmt":"2025-11-26T16:08:56","guid":{"rendered":"https:\/\/www.hirtenberg-apotheke.at\/katalog\/produkt\/curasorb-alginat-wundverband-10-stk-10-x-10-cm\/"},"modified":"2025-11-26T17:09:00","modified_gmt":"2025-11-26T16:09:00","slug":"curasorb-alginat-wundverband-10-stk-10-x-10-cm","status":"publish","type":"product","link":"https:\/\/www.hirtenberg-apotheke.at\/katalog\/produkt\/curasorb-alginat-wundverband-10-stk-10-x-10-cm\/","title":{"rendered":"Curasorb Alginat Wundverband 10 Stk. 10 x 10 cm"},"content":{"rendered":"<p>Curasorb Alginat Wundverband ist geeignet f\u00fcr m\u00e4\u00dfig bis stark n\u00e4ssende und chronische Wunden. Au\u00dferdem wird ein ideal-feuchtes Wundmilieu aufrecht erhalten und der Wundheilungsprozess beschleunigt. F\u00fcr einen schmerzfreien Verbandwechsel.<\/p>\n","protected":false},"excerpt":{"rendered":"<p>Curasorb Alginat Wundverband ist geeignet f\u00fcr m\u00e4\u00dfig bis stark n\u00e4ssende und chronische Wunden. Au\u00dferdem wird ein ideal-feuchtes Wundmilieu aufrecht erhalten und der Wundheilungsprozess beschleunigt. F\u00fcr einen schmerzfreien Verbandwechsel.<\/p>\n","protected":false},"featured_media":0,"template":"","meta":{"_acf_changed":false},"product_brand":[],"product_cat":[337],"product_tag":[],"class_list":{"0":"post-56905","1":"product","2":"type-product","3":"status-publish","5":"product_cat-c","6":"pa_packungsgroesse-10-stueck","8":"first","9":"instock","10":"shipping-taxable","11":"purchasable","12":"product-type-simple"},"acf":[],"_links":{"self":[{"href":"https:\/\/www.hirtenberg-apotheke.at\/katalog\/wp-json\/wp\/v2\/product\/56905","targetHints":{"allow":["GET"]}}],"collection":[{"href":"https:\/\/www.hirtenberg-apotheke.at\/katalog\/wp-json\/wp\/v2\/product"}],"about":[{"href":"https:\/\/www.hirtenberg-apotheke.at\/katalog\/wp-json\/wp\/v2\/types\/product"}],"wp:attachment":[{"href":"https:\/\/www.hirtenberg-apotheke.at\/katalog\/wp-json\/wp\/v2\/media?parent=56905"}],"wp:term":[{"taxonomy":"product_brand","embeddable":true,"href":"https:\/\/www.hirtenberg-apotheke.at\/katalog\/wp-json\/wp\/v2\/product_brand?post=56905"},{"taxonomy":"product_cat","embeddable":true,"href":"https:\/\/www.hirtenberg-apotheke.at\/katalog\/wp-json\/wp\/v2\/product_cat?post=56905"},{"taxonomy":"product_tag","embeddable":true,"href":"https:\/\/www.hirtenberg-apotheke.at\/katalog\/wp-json\/wp\/v2\/product_tag?post=56905"}],"curies":[{"name":"wp","href":"https:\/\/api.w.org\/{rel}","templated":true}]}}