{"id":56917,"date":"2025-11-26T17:08:56","date_gmt":"2025-11-26T16:08:56","guid":{"rendered":"https:\/\/www.hirtenberg-apotheke.at\/katalog\/produkt\/prontoral-west-rundflasche-250-ml\/"},"modified":"2025-11-26T17:09:12","modified_gmt":"2025-11-26T16:09:12","slug":"prontoral-west-rundflasche-250-ml","status":"publish","type":"product","link":"https:\/\/www.hirtenberg-apotheke.at\/katalog\/produkt\/prontoral-west-rundflasche-250-ml\/","title":{"rendered":"Prontoral West Rundflasche 250 ml"},"content":{"rendered":"<p>Prontoral West Rundflasche dient zur MRE-Dekolonisation der Mundh\u00f6hle und des Rachens und zur Erhaltung einer physiologischen Mundflora. Die L\u00f6sung zeichnet sich durch eine sehr gute Schleimhautvertr\u00e4glichkeit aus und wurde speziell f\u00fcr die Anwendung bei sensibler und problematischer Mundschleimhaut entwickelt. F\u00fcr den langfristigen Einsatz geeignet.<\/p>\n","protected":false},"excerpt":{"rendered":"<p>Prontoral West Rundflasche dient zur MRE-Dekolonisation der Mundh\u00f6hle und des Rachens und zur Erhaltung einer physiologischen Mundflora. Die L\u00f6sung zeichnet sich durch eine sehr gute Schleimhautvertr\u00e4glichkeit aus und wurde speziell f\u00fcr die Anwendung bei sensibler und problematischer Mundschleimhaut entwickelt. F\u00fcr den langfristigen Einsatz geeignet.<\/p>\n","protected":false},"featured_media":56919,"template":"","meta":{"_acf_changed":false},"product_brand":[],"product_cat":[302],"product_tag":[],"class_list":{"0":"post-56917","1":"product","2":"type-product","3":"status-publish","4":"has-post-thumbnail","6":"product_cat-p","7":"pa_packungsgroesse-250ml","9":"first","10":"instock","11":"shipping-taxable","12":"purchasable","13":"product-type-simple"},"acf":[],"_links":{"self":[{"href":"https:\/\/www.hirtenberg-apotheke.at\/katalog\/wp-json\/wp\/v2\/product\/56917","targetHints":{"allow":["GET"]}}],"collection":[{"href":"https:\/\/www.hirtenberg-apotheke.at\/katalog\/wp-json\/wp\/v2\/product"}],"about":[{"href":"https:\/\/www.hirtenberg-apotheke.at\/katalog\/wp-json\/wp\/v2\/types\/product"}],"wp:featuredmedia":[{"embeddable":true,"href":"https:\/\/www.hirtenberg-apotheke.at\/katalog\/wp-json\/wp\/v2\/media\/56919"}],"wp:attachment":[{"href":"https:\/\/www.hirtenberg-apotheke.at\/katalog\/wp-json\/wp\/v2\/media?parent=56917"}],"wp:term":[{"taxonomy":"product_brand","embeddable":true,"href":"https:\/\/www.hirtenberg-apotheke.at\/katalog\/wp-json\/wp\/v2\/product_brand?post=56917"},{"taxonomy":"product_cat","embeddable":true,"href":"https:\/\/www.hirtenberg-apotheke.at\/katalog\/wp-json\/wp\/v2\/product_cat?post=56917"},{"taxonomy":"product_tag","embeddable":true,"href":"https:\/\/www.hirtenberg-apotheke.at\/katalog\/wp-json\/wp\/v2\/product_tag?post=56917"}],"curies":[{"name":"wp","href":"https:\/\/api.w.org\/{rel}","templated":true}]}}