{"id":56932,"date":"2025-11-26T17:09:24","date_gmt":"2025-11-26T16:09:24","guid":{"rendered":"https:\/\/www.hirtenberg-apotheke.at\/katalog\/produkt\/magnelact-kapseln\/"},"modified":"2025-11-26T17:09:36","modified_gmt":"2025-11-26T16:09:36","slug":"magnelact-kapseln","status":"publish","type":"product","link":"https:\/\/www.hirtenberg-apotheke.at\/katalog\/produkt\/magnelact-kapseln\/","title":{"rendered":"Magnelact Kapseln"},"content":{"rendered":"<p>Magnelact Petrasch Kapseln ist ein Nahrungserg\u00e4nzungsmittel mit Magnesium zur Deckung des t\u00e4glichen Magnesiumbedarfs. Die Magnelact Kapseln liefern vor allem bei einseitiger Ern\u00e4hrung oder Situationen mit erh\u00f6htem Mineralstoffbedarf ausreichend Magnesium, damit das Elektrolytgleichgewicht erhalten bleibt. Magnesium tr\u00e4gt zus\u00e4tzlich zu einer normalen Muskelfunktion und psychischen Funktion bei und verringert M\u00fcdigkeit und Erm\u00fcdung.<\/p>\n","protected":false},"excerpt":{"rendered":"<p>Magnelact Petrasch Kapseln ist ein Nahrungserg\u00e4nzungsmittel mit Magnesium zur Deckung des t\u00e4glichen Magnesiumbedarfs. Die Magnelact Kapseln liefern vor allem bei einseitiger Ern\u00e4hrung oder Situationen mit erh\u00f6htem Mineralstoffbedarf ausreichend Magnesium, damit das Elektrolytgleichgewicht erhalten bleibt. Magnesium tr\u00e4gt zus\u00e4tzlich zu einer normalen Muskelfunktion und psychischen Funktion bei und verringert M\u00fcdigkeit und Erm\u00fcdung.<\/p>\n","protected":false},"featured_media":56934,"template":"","meta":{"_acf_changed":false},"product_brand":[],"product_cat":[308],"product_tag":[],"class_list":{"0":"post-56932","1":"product","2":"type-product","3":"status-publish","4":"has-post-thumbnail","6":"product_cat-m","7":"pa_packungsgroesse-60-stueck","9":"first","10":"instock","11":"shipping-taxable","12":"purchasable","13":"product-type-simple"},"acf":[],"_links":{"self":[{"href":"https:\/\/www.hirtenberg-apotheke.at\/katalog\/wp-json\/wp\/v2\/product\/56932","targetHints":{"allow":["GET"]}}],"collection":[{"href":"https:\/\/www.hirtenberg-apotheke.at\/katalog\/wp-json\/wp\/v2\/product"}],"about":[{"href":"https:\/\/www.hirtenberg-apotheke.at\/katalog\/wp-json\/wp\/v2\/types\/product"}],"wp:featuredmedia":[{"embeddable":true,"href":"https:\/\/www.hirtenberg-apotheke.at\/katalog\/wp-json\/wp\/v2\/media\/56934"}],"wp:attachment":[{"href":"https:\/\/www.hirtenberg-apotheke.at\/katalog\/wp-json\/wp\/v2\/media?parent=56932"}],"wp:term":[{"taxonomy":"product_brand","embeddable":true,"href":"https:\/\/www.hirtenberg-apotheke.at\/katalog\/wp-json\/wp\/v2\/product_brand?post=56932"},{"taxonomy":"product_cat","embeddable":true,"href":"https:\/\/www.hirtenberg-apotheke.at\/katalog\/wp-json\/wp\/v2\/product_cat?post=56932"},{"taxonomy":"product_tag","embeddable":true,"href":"https:\/\/www.hirtenberg-apotheke.at\/katalog\/wp-json\/wp\/v2\/product_tag?post=56932"}],"curies":[{"name":"wp","href":"https:\/\/api.w.org\/{rel}","templated":true}]}}