{"id":57049,"date":"2025-11-26T17:11:21","date_gmt":"2025-11-26T16:11:21","guid":{"rendered":"https:\/\/www.hirtenberg-apotheke.at\/katalog\/produkt\/tiroler-steinoel-vital-bad-200-ml\/"},"modified":"2025-11-26T17:11:53","modified_gmt":"2025-11-26T16:11:53","slug":"tiroler-steinoel-vital-bad-200-ml","status":"publish","type":"product","link":"https:\/\/www.hirtenberg-apotheke.at\/katalog\/produkt\/tiroler-steinoel-vital-bad-200-ml\/","title":{"rendered":"Tiroler Stein\u00f6l Vital-Bad 200 ml"},"content":{"rendered":"<p>Tiroler Stein\u00f6l Vital-Bad zum Regenerieren und Beleben von K\u00f6rper und Geist, vor allem in Zeiten angehender Erk\u00e4ltungen.<\/p>\n","protected":false},"excerpt":{"rendered":"<p>Tiroler Stein\u00f6l Vital-Bad zum Regenerieren und Beleben von K\u00f6rper und Geist, vor allem in Zeiten angehender Erk\u00e4ltungen.<\/p>\n","protected":false},"featured_media":57051,"template":"","meta":{"_acf_changed":false},"product_brand":[808],"product_cat":[319],"product_tag":[],"class_list":{"0":"post-57049","1":"product","2":"type-product","3":"status-publish","4":"has-post-thumbnail","6":"product_brand-tiroler-steinoel","7":"product_cat-t","8":"pa_packungsgroesse-200ml","10":"first","11":"instock","12":"shipping-taxable","13":"purchasable","14":"product-type-simple"},"acf":[],"_links":{"self":[{"href":"https:\/\/www.hirtenberg-apotheke.at\/katalog\/wp-json\/wp\/v2\/product\/57049","targetHints":{"allow":["GET"]}}],"collection":[{"href":"https:\/\/www.hirtenberg-apotheke.at\/katalog\/wp-json\/wp\/v2\/product"}],"about":[{"href":"https:\/\/www.hirtenberg-apotheke.at\/katalog\/wp-json\/wp\/v2\/types\/product"}],"wp:featuredmedia":[{"embeddable":true,"href":"https:\/\/www.hirtenberg-apotheke.at\/katalog\/wp-json\/wp\/v2\/media\/57051"}],"wp:attachment":[{"href":"https:\/\/www.hirtenberg-apotheke.at\/katalog\/wp-json\/wp\/v2\/media?parent=57049"}],"wp:term":[{"taxonomy":"product_brand","embeddable":true,"href":"https:\/\/www.hirtenberg-apotheke.at\/katalog\/wp-json\/wp\/v2\/product_brand?post=57049"},{"taxonomy":"product_cat","embeddable":true,"href":"https:\/\/www.hirtenberg-apotheke.at\/katalog\/wp-json\/wp\/v2\/product_cat?post=57049"},{"taxonomy":"product_tag","embeddable":true,"href":"https:\/\/www.hirtenberg-apotheke.at\/katalog\/wp-json\/wp\/v2\/product_tag?post=57049"}],"curies":[{"name":"wp","href":"https:\/\/api.w.org\/{rel}","templated":true}]}}