{"id":57052,"date":"2025-11-26T17:11:21","date_gmt":"2025-11-26T16:11:21","guid":{"rendered":"https:\/\/www.hirtenberg-apotheke.at\/katalog\/produkt\/sebamed-trockene-haut-gesichtscreme-urea-akut-5-50-ml\/"},"modified":"2025-11-26T17:12:07","modified_gmt":"2025-11-26T16:12:07","slug":"sebamed-trockene-haut-gesichtscreme-urea-akut-5-50-ml","status":"publish","type":"product","link":"https:\/\/www.hirtenberg-apotheke.at\/katalog\/produkt\/sebamed-trockene-haut-gesichtscreme-urea-akut-5-50-ml\/","title":{"rendered":"Sebamed Trockene Haut Gesichtscreme Urea Akut 5% 50 ml"},"content":{"rendered":"<p>Die ausgesuchten Inhaltsstoffe von sebamed TROCKENE HAUT 5% Urea Akut Gesichtscreme lindern sp\u00fcrbar Spannungsgef\u00fchl, Schuppung und Rauigkeit bei sehr trockener Haut und helfen, die nat\u00fcrliche Feuchtigkeitsbalance der Haut wieder herzustellen.<\/p>\n","protected":false},"excerpt":{"rendered":"<p>Die ausgesuchten Inhaltsstoffe von sebamed TROCKENE HAUT 5% Urea Akut Gesichtscreme lindern sp\u00fcrbar Spannungsgef\u00fchl, Schuppung und Rauigkeit bei sehr trockener Haut und helfen, die nat\u00fcrliche Feuchtigkeitsbalance der Haut wieder herzustellen.<\/p>\n","protected":false},"featured_media":57054,"template":"","meta":{"_acf_changed":false},"product_brand":[753],"product_cat":[303],"product_tag":[],"class_list":{"0":"post-57052","1":"product","2":"type-product","3":"status-publish","4":"has-post-thumbnail","6":"product_brand-sebamed","7":"product_cat-s","8":"pa_packungsgroesse-50ml","10":"first","11":"instock","12":"shipping-taxable","13":"purchasable","14":"product-type-simple"},"acf":[],"_links":{"self":[{"href":"https:\/\/www.hirtenberg-apotheke.at\/katalog\/wp-json\/wp\/v2\/product\/57052","targetHints":{"allow":["GET"]}}],"collection":[{"href":"https:\/\/www.hirtenberg-apotheke.at\/katalog\/wp-json\/wp\/v2\/product"}],"about":[{"href":"https:\/\/www.hirtenberg-apotheke.at\/katalog\/wp-json\/wp\/v2\/types\/product"}],"wp:featuredmedia":[{"embeddable":true,"href":"https:\/\/www.hirtenberg-apotheke.at\/katalog\/wp-json\/wp\/v2\/media\/57054"}],"wp:attachment":[{"href":"https:\/\/www.hirtenberg-apotheke.at\/katalog\/wp-json\/wp\/v2\/media?parent=57052"}],"wp:term":[{"taxonomy":"product_brand","embeddable":true,"href":"https:\/\/www.hirtenberg-apotheke.at\/katalog\/wp-json\/wp\/v2\/product_brand?post=57052"},{"taxonomy":"product_cat","embeddable":true,"href":"https:\/\/www.hirtenberg-apotheke.at\/katalog\/wp-json\/wp\/v2\/product_cat?post=57052"},{"taxonomy":"product_tag","embeddable":true,"href":"https:\/\/www.hirtenberg-apotheke.at\/katalog\/wp-json\/wp\/v2\/product_tag?post=57052"}],"curies":[{"name":"wp","href":"https:\/\/api.w.org\/{rel}","templated":true}]}}