{"id":57107,"date":"2025-11-26T17:12:40","date_gmt":"2025-11-26T16:12:40","guid":{"rendered":"https:\/\/www.hirtenberg-apotheke.at\/katalog\/produkt\/orthovisc-3-stk\/"},"modified":"2025-11-26T17:13:04","modified_gmt":"2025-11-26T16:13:04","slug":"orthovisc-3-stk","status":"publish","type":"product","link":"https:\/\/www.hirtenberg-apotheke.at\/katalog\/produkt\/orthovisc-3-stk\/","title":{"rendered":"Orthovisc 3 Stk."},"content":{"rendered":"<p>Orthovisc ist ein hochreines Hyalurons\u00e4urepr\u00e4parat, das bei Arthrose die Gelenkfunktion verbessert. Au\u00dferdem tr\u00e4gt es zur langanhaltenden Schmerzlinderung bei und h\u00e4lt zudem den fortschreitenden Degenerationsprozess im Knorpel auf.<\/p>\n","protected":false},"excerpt":{"rendered":"<p>Orthovisc ist ein hochreines Hyalurons\u00e4urepr\u00e4parat, das bei Arthrose die Gelenkfunktion verbessert. Au\u00dferdem tr\u00e4gt es zur langanhaltenden Schmerzlinderung bei und h\u00e4lt zudem den fortschreitenden Degenerationsprozess im Knorpel auf.<\/p>\n","protected":false},"featured_media":57109,"template":"","meta":{"_acf_changed":false},"product_brand":[],"product_cat":[349],"product_tag":[],"class_list":{"0":"post-57107","1":"product","2":"type-product","3":"status-publish","4":"has-post-thumbnail","6":"product_cat-o","7":"pa_packungsgroesse-3-stueck","9":"first","10":"instock","11":"shipping-taxable","12":"purchasable","13":"product-type-simple"},"acf":[],"_links":{"self":[{"href":"https:\/\/www.hirtenberg-apotheke.at\/katalog\/wp-json\/wp\/v2\/product\/57107","targetHints":{"allow":["GET"]}}],"collection":[{"href":"https:\/\/www.hirtenberg-apotheke.at\/katalog\/wp-json\/wp\/v2\/product"}],"about":[{"href":"https:\/\/www.hirtenberg-apotheke.at\/katalog\/wp-json\/wp\/v2\/types\/product"}],"wp:featuredmedia":[{"embeddable":true,"href":"https:\/\/www.hirtenberg-apotheke.at\/katalog\/wp-json\/wp\/v2\/media\/57109"}],"wp:attachment":[{"href":"https:\/\/www.hirtenberg-apotheke.at\/katalog\/wp-json\/wp\/v2\/media?parent=57107"}],"wp:term":[{"taxonomy":"product_brand","embeddable":true,"href":"https:\/\/www.hirtenberg-apotheke.at\/katalog\/wp-json\/wp\/v2\/product_brand?post=57107"},{"taxonomy":"product_cat","embeddable":true,"href":"https:\/\/www.hirtenberg-apotheke.at\/katalog\/wp-json\/wp\/v2\/product_cat?post=57107"},{"taxonomy":"product_tag","embeddable":true,"href":"https:\/\/www.hirtenberg-apotheke.at\/katalog\/wp-json\/wp\/v2\/product_tag?post=57107"}],"curies":[{"name":"wp","href":"https:\/\/api.w.org\/{rel}","templated":true}]}}