{"id":57239,"date":"2025-11-26T17:15:35","date_gmt":"2025-11-26T16:15:35","guid":{"rendered":"https:\/\/www.hirtenberg-apotheke.at\/katalog\/produkt\/lysoform-hospisept-desinfektions-tuecher-100-stk\/"},"modified":"2025-11-26T17:15:53","modified_gmt":"2025-11-26T16:15:53","slug":"lysoform-hospisept-desinfektions-tuecher-100-stk","status":"publish","type":"product","link":"https:\/\/www.hirtenberg-apotheke.at\/katalog\/produkt\/lysoform-hospisept-desinfektions-tuecher-100-stk\/","title":{"rendered":"Lysoform Hospisept Desinfektions-T\u00fccher 100 Stk."},"content":{"rendered":"<p>Lysoform Hospisept Desinfektions-T\u00fccher dienen zur Desinfektion und Reinigung von Kleinfl\u00e4chen aller Art in Krankenh\u00e4usern, Sanatorien, Heimen, Arztpraxen und im Rettungsdienst. Sie sind \u00fcberall dort einsetzbar, wo nicht gespr\u00fcht werden kann und schnelle Abtrocknung wichtig ist. Dieses Produkt erhalten Sie in den Packungsgr\u00f6\u00dfen 15 und 100 St\u00fcck.<\/p>\n","protected":false},"excerpt":{"rendered":"<p>Lysoform Hospisept Desinfektions-T\u00fccher dienen zur Desinfektion und Reinigung von Kleinfl\u00e4chen aller Art in Krankenh\u00e4usern, Sanatorien, Heimen, Arztpraxen und im Rettungsdienst. Sie sind \u00fcberall dort einsetzbar, wo nicht gespr\u00fcht werden kann und schnelle Abtrocknung wichtig ist. Dieses Produkt erhalten Sie in den Packungsgr\u00f6\u00dfen 15 und 100 St\u00fcck.<\/p>\n","protected":false},"featured_media":57241,"template":"","meta":{"_acf_changed":false},"product_brand":[],"product_cat":[317],"product_tag":[],"class_list":{"0":"post-57239","1":"product","2":"type-product","3":"status-publish","4":"has-post-thumbnail","6":"product_cat-l","7":"pa_packungsgroesse-100-stueck","9":"first","10":"instock","11":"shipping-taxable","12":"purchasable","13":"product-type-simple"},"acf":[],"_links":{"self":[{"href":"https:\/\/www.hirtenberg-apotheke.at\/katalog\/wp-json\/wp\/v2\/product\/57239","targetHints":{"allow":["GET"]}}],"collection":[{"href":"https:\/\/www.hirtenberg-apotheke.at\/katalog\/wp-json\/wp\/v2\/product"}],"about":[{"href":"https:\/\/www.hirtenberg-apotheke.at\/katalog\/wp-json\/wp\/v2\/types\/product"}],"wp:featuredmedia":[{"embeddable":true,"href":"https:\/\/www.hirtenberg-apotheke.at\/katalog\/wp-json\/wp\/v2\/media\/57241"}],"wp:attachment":[{"href":"https:\/\/www.hirtenberg-apotheke.at\/katalog\/wp-json\/wp\/v2\/media?parent=57239"}],"wp:term":[{"taxonomy":"product_brand","embeddable":true,"href":"https:\/\/www.hirtenberg-apotheke.at\/katalog\/wp-json\/wp\/v2\/product_brand?post=57239"},{"taxonomy":"product_cat","embeddable":true,"href":"https:\/\/www.hirtenberg-apotheke.at\/katalog\/wp-json\/wp\/v2\/product_cat?post=57239"},{"taxonomy":"product_tag","embeddable":true,"href":"https:\/\/www.hirtenberg-apotheke.at\/katalog\/wp-json\/wp\/v2\/product_tag?post=57239"}],"curies":[{"name":"wp","href":"https:\/\/api.w.org\/{rel}","templated":true}]}}