{"id":57246,"date":"2025-11-26T17:15:35","date_gmt":"2025-11-26T16:15:35","guid":{"rendered":"https:\/\/www.hirtenberg-apotheke.at\/katalog\/produkt\/rotbaeckchen-immunstark-mini-125-ml\/"},"modified":"2025-11-26T17:15:58","modified_gmt":"2025-11-26T16:15:58","slug":"rotbaeckchen-immunstark-mini-125-ml","status":"publish","type":"product","link":"https:\/\/www.hirtenberg-apotheke.at\/katalog\/produkt\/rotbaeckchen-immunstark-mini-125-ml\/","title":{"rendered":"Rotb\u00e4ckchen Immunstark Mini 125 ml"},"content":{"rendered":"<p>Rotb\u00e4ckchen Immunstark Mini 125 ml ist ein Mehrfruchtsaft aus Direktsaft in Rotb\u00e4ckchen-Qualit\u00e4t und unterst\u00fctzt das Immunsystem mit Zink und Vitamin C. Da der K\u00f6rper das Spurenelement Zink nicht selbst herstellen kann und die Zinkspeicher begrenzt sind, muss es regelm\u00e4\u00dfig \u00fcber eine ausgewogene und abwechslungsreiche Ern\u00e4hrung zugef\u00fchrt werden.<\/p>\n","protected":false},"excerpt":{"rendered":"<p>Rotb\u00e4ckchen Immunstark Mini 125 ml ist ein Mehrfruchtsaft aus Direktsaft in Rotb\u00e4ckchen-Qualit\u00e4t und unterst\u00fctzt das Immunsystem mit Zink und Vitamin C. Da der K\u00f6rper das Spurenelement Zink nicht selbst herstellen kann und die Zinkspeicher begrenzt sind, muss es regelm\u00e4\u00dfig \u00fcber eine ausgewogene und abwechslungsreiche Ern\u00e4hrung zugef\u00fchrt werden.<\/p>\n","protected":false},"featured_media":57248,"template":"","meta":{"_acf_changed":false},"product_brand":[],"product_cat":[311],"product_tag":[],"class_list":{"0":"post-57246","1":"product","2":"type-product","3":"status-publish","4":"has-post-thumbnail","6":"product_cat-r","7":"pa_packungsgroesse-125ml","9":"first","10":"instock","11":"shipping-taxable","12":"purchasable","13":"product-type-simple"},"acf":[],"_links":{"self":[{"href":"https:\/\/www.hirtenberg-apotheke.at\/katalog\/wp-json\/wp\/v2\/product\/57246","targetHints":{"allow":["GET"]}}],"collection":[{"href":"https:\/\/www.hirtenberg-apotheke.at\/katalog\/wp-json\/wp\/v2\/product"}],"about":[{"href":"https:\/\/www.hirtenberg-apotheke.at\/katalog\/wp-json\/wp\/v2\/types\/product"}],"wp:featuredmedia":[{"embeddable":true,"href":"https:\/\/www.hirtenberg-apotheke.at\/katalog\/wp-json\/wp\/v2\/media\/57248"}],"wp:attachment":[{"href":"https:\/\/www.hirtenberg-apotheke.at\/katalog\/wp-json\/wp\/v2\/media?parent=57246"}],"wp:term":[{"taxonomy":"product_brand","embeddable":true,"href":"https:\/\/www.hirtenberg-apotheke.at\/katalog\/wp-json\/wp\/v2\/product_brand?post=57246"},{"taxonomy":"product_cat","embeddable":true,"href":"https:\/\/www.hirtenberg-apotheke.at\/katalog\/wp-json\/wp\/v2\/product_cat?post=57246"},{"taxonomy":"product_tag","embeddable":true,"href":"https:\/\/www.hirtenberg-apotheke.at\/katalog\/wp-json\/wp\/v2\/product_tag?post=57246"}],"curies":[{"name":"wp","href":"https:\/\/api.w.org\/{rel}","templated":true}]}}