{"id":57278,"date":"2025-11-26T17:16:26","date_gmt":"2025-11-26T16:16:26","guid":{"rendered":"https:\/\/www.hirtenberg-apotheke.at\/katalog\/produkt\/thorne-research-zincum-picolinate-kapseln-60-stk\/"},"modified":"2025-11-26T17:16:35","modified_gmt":"2025-11-26T16:16:35","slug":"thorne-research-zincum-picolinate-kapseln-60-stk","status":"publish","type":"product","link":"https:\/\/www.hirtenberg-apotheke.at\/katalog\/produkt\/thorne-research-zincum-picolinate-kapseln-60-stk\/","title":{"rendered":"Thorne Research Zincum Picolinate Kapseln 60 Stk."},"content":{"rendered":"<p>Thorne Research Zincum Picolinate Kapseln enthalten 15 mg Zink als besonders gut bioverf\u00fcgbares Picolinat. Zink tr\u00e4gt zu einer normalen Funktion des Immunsystems und zum Schutz der Zellbestandteile vor oxidativen Sch\u00e4den bei. Zink hat eine Funktion bei der Zellteilung und tr\u00e4gt au\u00dferdem zur Erhaltung normaler Knochen, Haare, N\u00e4gel, Haut sowie der Sehkraft bei.<\/p>\n","protected":false},"excerpt":{"rendered":"<p>Thorne Research Zincum Picolinate Kapseln enthalten 15 mg Zink als besonders gut bioverf\u00fcgbares Picolinat. Zink tr\u00e4gt zu einer normalen Funktion des Immunsystems und zum Schutz der Zellbestandteile vor oxidativen Sch\u00e4den bei. Zink hat eine Funktion bei der Zellteilung und tr\u00e4gt au\u00dferdem zur Erhaltung normaler Knochen, Haare, N\u00e4gel, Haut sowie der Sehkraft bei.<\/p>\n","protected":false},"featured_media":57280,"template":"","meta":{"_acf_changed":false},"product_brand":[],"product_cat":[319],"product_tag":[],"class_list":{"0":"post-57278","1":"product","2":"type-product","3":"status-publish","4":"has-post-thumbnail","6":"product_cat-t","7":"pa_packungsgroesse-60-stueck","9":"first","10":"instock","11":"shipping-taxable","12":"purchasable","13":"product-type-simple"},"acf":[],"_links":{"self":[{"href":"https:\/\/www.hirtenberg-apotheke.at\/katalog\/wp-json\/wp\/v2\/product\/57278","targetHints":{"allow":["GET"]}}],"collection":[{"href":"https:\/\/www.hirtenberg-apotheke.at\/katalog\/wp-json\/wp\/v2\/product"}],"about":[{"href":"https:\/\/www.hirtenberg-apotheke.at\/katalog\/wp-json\/wp\/v2\/types\/product"}],"wp:featuredmedia":[{"embeddable":true,"href":"https:\/\/www.hirtenberg-apotheke.at\/katalog\/wp-json\/wp\/v2\/media\/57280"}],"wp:attachment":[{"href":"https:\/\/www.hirtenberg-apotheke.at\/katalog\/wp-json\/wp\/v2\/media?parent=57278"}],"wp:term":[{"taxonomy":"product_brand","embeddable":true,"href":"https:\/\/www.hirtenberg-apotheke.at\/katalog\/wp-json\/wp\/v2\/product_brand?post=57278"},{"taxonomy":"product_cat","embeddable":true,"href":"https:\/\/www.hirtenberg-apotheke.at\/katalog\/wp-json\/wp\/v2\/product_cat?post=57278"},{"taxonomy":"product_tag","embeddable":true,"href":"https:\/\/www.hirtenberg-apotheke.at\/katalog\/wp-json\/wp\/v2\/product_tag?post=57278"}],"curies":[{"name":"wp","href":"https:\/\/api.w.org\/{rel}","templated":true}]}}