{"id":57283,"date":"2025-11-26T17:16:26","date_gmt":"2025-11-26T16:16:26","guid":{"rendered":"https:\/\/www.hirtenberg-apotheke.at\/katalog\/produkt\/espara-rotklee-isoflavon-kapseln-30-stk\/"},"modified":"2025-11-26T17:16:37","modified_gmt":"2025-11-26T16:16:37","slug":"espara-rotklee-isoflavon-kapseln-30-stk","status":"publish","type":"product","link":"https:\/\/www.hirtenberg-apotheke.at\/katalog\/produkt\/espara-rotklee-isoflavon-kapseln-30-stk\/","title":{"rendered":"Espara Rotklee-Isoflavon Kapseln 30 Stk."},"content":{"rendered":"<p>Rotklee-Isoflavon Kapseln sind Nahrungserg\u00e4nzungsmittel, welche neben Vitaminen au\u00dferdem Isoflavonen aus Rotklee- und Soja-Extrakt enth\u00e4lt. Diese Inhaltsstoffe dienen der Unterst\u00fctzung des Hormonhaushaltes der Frau und unterst\u00fctzen so ihr Wohlbefinden.<\/p>\n","protected":false},"excerpt":{"rendered":"<p>Rotklee-Isoflavon Kapseln sind Nahrungserg\u00e4nzungsmittel, welche neben Vitaminen au\u00dferdem Isoflavonen aus Rotklee- und Soja-Extrakt enth\u00e4lt. Diese Inhaltsstoffe dienen der Unterst\u00fctzung des Hormonhaushaltes der Frau und unterst\u00fctzen so ihr Wohlbefinden.<\/p>\n","protected":false},"featured_media":57285,"template":"","meta":{"_acf_changed":false},"product_brand":[341],"product_cat":[307],"product_tag":[],"class_list":{"0":"post-57283","1":"product","2":"type-product","3":"status-publish","4":"has-post-thumbnail","6":"product_brand-espara","7":"product_cat-e","8":"pa_packungsgroesse-30-stueck","10":"first","11":"instock","12":"shipping-taxable","13":"purchasable","14":"product-type-simple"},"acf":[],"_links":{"self":[{"href":"https:\/\/www.hirtenberg-apotheke.at\/katalog\/wp-json\/wp\/v2\/product\/57283","targetHints":{"allow":["GET"]}}],"collection":[{"href":"https:\/\/www.hirtenberg-apotheke.at\/katalog\/wp-json\/wp\/v2\/product"}],"about":[{"href":"https:\/\/www.hirtenberg-apotheke.at\/katalog\/wp-json\/wp\/v2\/types\/product"}],"wp:featuredmedia":[{"embeddable":true,"href":"https:\/\/www.hirtenberg-apotheke.at\/katalog\/wp-json\/wp\/v2\/media\/57285"}],"wp:attachment":[{"href":"https:\/\/www.hirtenberg-apotheke.at\/katalog\/wp-json\/wp\/v2\/media?parent=57283"}],"wp:term":[{"taxonomy":"product_brand","embeddable":true,"href":"https:\/\/www.hirtenberg-apotheke.at\/katalog\/wp-json\/wp\/v2\/product_brand?post=57283"},{"taxonomy":"product_cat","embeddable":true,"href":"https:\/\/www.hirtenberg-apotheke.at\/katalog\/wp-json\/wp\/v2\/product_cat?post=57283"},{"taxonomy":"product_tag","embeddable":true,"href":"https:\/\/www.hirtenberg-apotheke.at\/katalog\/wp-json\/wp\/v2\/product_tag?post=57283"}],"curies":[{"name":"wp","href":"https:\/\/api.w.org\/{rel}","templated":true}]}}