{"id":57347,"date":"2025-11-26T17:17:48","date_gmt":"2025-11-26T16:17:48","guid":{"rendered":"https:\/\/www.hirtenberg-apotheke.at\/katalog\/produkt\/vollkraft-goji-beeren-bio-200-g\/"},"modified":"2025-11-26T17:17:53","modified_gmt":"2025-11-26T16:17:53","slug":"vollkraft-goji-beeren-bio-200-g","status":"publish","type":"product","link":"https:\/\/www.hirtenberg-apotheke.at\/katalog\/produkt\/vollkraft-goji-beeren-bio-200-g\/","title":{"rendered":"VollKraft Goji Beeren Bio 200 g"},"content":{"rendered":"<p>VollKraft Goji Beeren Bio sind s\u00fc\u00df schmeckende Gojibeeren, die wie Rosinen verzehrt werden k\u00f6nnen. Ideal auch f\u00fcrs t\u00e4gliche M\u00fcsli.<\/p>\n","protected":false},"excerpt":{"rendered":"<p>VollKraft Goji Beeren Bio sind s\u00fc\u00df schmeckende Gojibeeren, die wie Rosinen verzehrt werden k\u00f6nnen. Ideal auch f\u00fcrs t\u00e4gliche M\u00fcsli.<\/p>\n","protected":false},"featured_media":0,"template":"","meta":{"_acf_changed":false},"product_brand":[860],"product_cat":[300],"product_tag":[],"class_list":{"0":"post-57347","1":"product","2":"type-product","3":"status-publish","5":"product_brand-vollkraft","6":"product_cat-v","7":"pa_packungsgroesse-200g","9":"first","10":"instock","11":"shipping-taxable","12":"purchasable","13":"product-type-simple"},"acf":[],"_links":{"self":[{"href":"https:\/\/www.hirtenberg-apotheke.at\/katalog\/wp-json\/wp\/v2\/product\/57347","targetHints":{"allow":["GET"]}}],"collection":[{"href":"https:\/\/www.hirtenberg-apotheke.at\/katalog\/wp-json\/wp\/v2\/product"}],"about":[{"href":"https:\/\/www.hirtenberg-apotheke.at\/katalog\/wp-json\/wp\/v2\/types\/product"}],"wp:attachment":[{"href":"https:\/\/www.hirtenberg-apotheke.at\/katalog\/wp-json\/wp\/v2\/media?parent=57347"}],"wp:term":[{"taxonomy":"product_brand","embeddable":true,"href":"https:\/\/www.hirtenberg-apotheke.at\/katalog\/wp-json\/wp\/v2\/product_brand?post=57347"},{"taxonomy":"product_cat","embeddable":true,"href":"https:\/\/www.hirtenberg-apotheke.at\/katalog\/wp-json\/wp\/v2\/product_cat?post=57347"},{"taxonomy":"product_tag","embeddable":true,"href":"https:\/\/www.hirtenberg-apotheke.at\/katalog\/wp-json\/wp\/v2\/product_tag?post=57347"}],"curies":[{"name":"wp","href":"https:\/\/api.w.org\/{rel}","templated":true}]}}