{"id":57371,"date":"2025-11-26T17:18:08","date_gmt":"2025-11-26T16:18:08","guid":{"rendered":"https:\/\/www.hirtenberg-apotheke.at\/katalog\/produkt\/hansaplast-elastic-pflaster-5-m-x-8-cm-1-stk\/"},"modified":"2025-11-26T17:18:18","modified_gmt":"2025-11-26T16:18:18","slug":"hansaplast-elastic-pflaster-5-m-x-8-cm-1-stk","status":"publish","type":"product","link":"https:\/\/www.hirtenberg-apotheke.at\/katalog\/produkt\/hansaplast-elastic-pflaster-5-m-x-8-cm-1-stk\/","title":{"rendered":"Hansaplast Elastic Pflaster 5 m x 8 cm 1 Stk."},"content":{"rendered":"<p>Hansaplast Elastic Pflaster 5 m x 8 cm 1 Stk. ist ein bew\u00e4hrtes Textilpflaster f\u00fcr die Versorgung kleiner Verletzungen wie z.B. Schnittwunden und Absch\u00fcrfungen an bewegten K\u00f6rperstellen. Die Luftdurchl\u00e4ssigkeit von Hansaplast Elastic Pflaster erm\u00f6glicht eine schnelle Abheilung der Wunde und die hohe Klebkraft bietet zuverl\u00e4ssigen Halt.<\/p>\n","protected":false},"excerpt":{"rendered":"<p>Hansaplast Elastic Pflaster 5 m x 8 cm 1 Stk. ist ein bew\u00e4hrtes Textilpflaster f\u00fcr die Versorgung kleiner Verletzungen wie z.B. Schnittwunden und Absch\u00fcrfungen an bewegten K\u00f6rperstellen. Die Luftdurchl\u00e4ssigkeit von Hansaplast Elastic Pflaster erm\u00f6glicht eine schnelle Abheilung der Wunde und die hohe Klebkraft bietet zuverl\u00e4ssigen Halt.<\/p>\n","protected":false},"featured_media":57373,"template":"","meta":{"_acf_changed":false},"product_brand":[470],"product_cat":[330],"product_tag":[],"class_list":{"0":"post-57371","1":"product","2":"type-product","3":"status-publish","4":"has-post-thumbnail","6":"product_brand-hansaplast","7":"product_cat-h","8":"pa_packungsgroesse-1-stueck","10":"first","11":"instock","12":"shipping-taxable","13":"purchasable","14":"product-type-simple"},"acf":[],"_links":{"self":[{"href":"https:\/\/www.hirtenberg-apotheke.at\/katalog\/wp-json\/wp\/v2\/product\/57371","targetHints":{"allow":["GET"]}}],"collection":[{"href":"https:\/\/www.hirtenberg-apotheke.at\/katalog\/wp-json\/wp\/v2\/product"}],"about":[{"href":"https:\/\/www.hirtenberg-apotheke.at\/katalog\/wp-json\/wp\/v2\/types\/product"}],"wp:featuredmedia":[{"embeddable":true,"href":"https:\/\/www.hirtenberg-apotheke.at\/katalog\/wp-json\/wp\/v2\/media\/57373"}],"wp:attachment":[{"href":"https:\/\/www.hirtenberg-apotheke.at\/katalog\/wp-json\/wp\/v2\/media?parent=57371"}],"wp:term":[{"taxonomy":"product_brand","embeddable":true,"href":"https:\/\/www.hirtenberg-apotheke.at\/katalog\/wp-json\/wp\/v2\/product_brand?post=57371"},{"taxonomy":"product_cat","embeddable":true,"href":"https:\/\/www.hirtenberg-apotheke.at\/katalog\/wp-json\/wp\/v2\/product_cat?post=57371"},{"taxonomy":"product_tag","embeddable":true,"href":"https:\/\/www.hirtenberg-apotheke.at\/katalog\/wp-json\/wp\/v2\/product_tag?post=57371"}],"curies":[{"name":"wp","href":"https:\/\/api.w.org\/{rel}","templated":true}]}}