{"id":57374,"date":"2025-11-26T17:18:08","date_gmt":"2025-11-26T16:18:08","guid":{"rendered":"https:\/\/www.hirtenberg-apotheke.at\/katalog\/produkt\/vitamin-b-komplex-folsaeure-kapseln\/"},"modified":"2025-11-26T17:18:25","modified_gmt":"2025-11-26T16:18:25","slug":"vitamin-b-komplex-folsaeure-kapseln","status":"publish","type":"product","link":"https:\/\/www.hirtenberg-apotheke.at\/katalog\/produkt\/vitamin-b-komplex-folsaeure-kapseln\/","title":{"rendered":"Vitamin B &#8211; Komplex + Fols\u00e4ure Kapseln"},"content":{"rendered":"<p>Gall Pharma Vitamin B-Komplex plus Fols\u00e4ure Kapseln enthalten 1,4 mg Vitamin B1, 2 mg Vitamin B6, 3 \u00b5g Vitamin B12 und 300 \u00b5g Fols\u00e4ure in drei Hartgelatinekapseln. Insbesondere die Fols\u00e4ure und Vitamin B12 arbeiten sehr eng zusammen und sind f\u00fcr den Eiwei\u00dfstoffwechsel wichtig.Jetzt bestellen und je 1 Tagesportion Orthomol Immun gratis erhalten!<\/p>\n","protected":false},"excerpt":{"rendered":"<p>Gall Pharma Vitamin B-Komplex plus Fols\u00e4ure Kapseln enthalten 1,4 mg Vitamin B1, 2 mg Vitamin B6, 3 \u00b5g Vitamin B12 und 300 \u00b5g Fols\u00e4ure in drei Hartgelatinekapseln. Insbesondere die Fols\u00e4ure und Vitamin B12 arbeiten sehr eng zusammen und sind f\u00fcr den Eiwei\u00dfstoffwechsel wichtig.Jetzt bestellen und je 1 Tagesportion Orthomol Immun gratis erhalten!<\/p>\n","protected":false},"featured_media":0,"template":"","meta":{"_acf_changed":false},"product_brand":[316],"product_cat":[300],"product_tag":[],"class_list":{"0":"post-57374","1":"product","2":"type-product","3":"status-publish","5":"product_brand-gall-pharma","6":"product_cat-v","7":"pa_packungsgroesse-60-stueck","9":"first","10":"instock","11":"shipping-taxable","12":"purchasable","13":"product-type-simple"},"acf":[],"_links":{"self":[{"href":"https:\/\/www.hirtenberg-apotheke.at\/katalog\/wp-json\/wp\/v2\/product\/57374","targetHints":{"allow":["GET"]}}],"collection":[{"href":"https:\/\/www.hirtenberg-apotheke.at\/katalog\/wp-json\/wp\/v2\/product"}],"about":[{"href":"https:\/\/www.hirtenberg-apotheke.at\/katalog\/wp-json\/wp\/v2\/types\/product"}],"wp:attachment":[{"href":"https:\/\/www.hirtenberg-apotheke.at\/katalog\/wp-json\/wp\/v2\/media?parent=57374"}],"wp:term":[{"taxonomy":"product_brand","embeddable":true,"href":"https:\/\/www.hirtenberg-apotheke.at\/katalog\/wp-json\/wp\/v2\/product_brand?post=57374"},{"taxonomy":"product_cat","embeddable":true,"href":"https:\/\/www.hirtenberg-apotheke.at\/katalog\/wp-json\/wp\/v2\/product_cat?post=57374"},{"taxonomy":"product_tag","embeddable":true,"href":"https:\/\/www.hirtenberg-apotheke.at\/katalog\/wp-json\/wp\/v2\/product_tag?post=57374"}],"curies":[{"name":"wp","href":"https:\/\/api.w.org\/{rel}","templated":true}]}}