{"id":57380,"date":"2025-11-26T17:18:08","date_gmt":"2025-11-26T16:18:08","guid":{"rendered":"https:\/\/www.hirtenberg-apotheke.at\/katalog\/produkt\/hyaluronsaeure-kapseln-100mg-junek-90-stk\/"},"modified":"2025-11-26T17:18:30","modified_gmt":"2025-11-26T16:18:30","slug":"hyaluronsaeure-kapseln-100mg-junek-90-stk","status":"publish","type":"product","link":"https:\/\/www.hirtenberg-apotheke.at\/katalog\/produkt\/hyaluronsaeure-kapseln-100mg-junek-90-stk\/","title":{"rendered":"Hyalurons\u00e4ure Kapseln 100mg Junek 90 Stk."},"content":{"rendered":"<p>Hyalurons\u00e4ure Kapseln unterst\u00fctzen die Gesunderhaltung und Beweglichkeit der Gelenke sowie die Regeneration des Hautbildes. Hyalurons\u00e4ure hat ein hohes Wasserbindungsverm\u00f6gen und stellt einen guten Feuchtigkeitsspender dar. Diese Eigenschaft macht man sich zu Nutze, um f\u00fcr ein frisches Hautbild von innen heraus zu sorgen.<\/p>\n","protected":false},"excerpt":{"rendered":"<p>Hyalurons\u00e4ure Kapseln unterst\u00fctzen die Gesunderhaltung und Beweglichkeit der Gelenke sowie die Regeneration des Hautbildes. Hyalurons\u00e4ure hat ein hohes Wasserbindungsverm\u00f6gen und stellt einen guten Feuchtigkeitsspender dar. Diese Eigenschaft macht man sich zu Nutze, um f\u00fcr ein frisches Hautbild von innen heraus zu sorgen.<\/p>\n","protected":false},"featured_media":0,"template":"","meta":{"_acf_changed":false},"product_brand":[],"product_cat":[330],"product_tag":[],"class_list":{"0":"post-57380","1":"product","2":"type-product","3":"status-publish","5":"product_cat-h","6":"pa_packungsgroesse-90-stueck","8":"first","9":"instock","10":"shipping-taxable","11":"purchasable","12":"product-type-simple"},"acf":[],"_links":{"self":[{"href":"https:\/\/www.hirtenberg-apotheke.at\/katalog\/wp-json\/wp\/v2\/product\/57380","targetHints":{"allow":["GET"]}}],"collection":[{"href":"https:\/\/www.hirtenberg-apotheke.at\/katalog\/wp-json\/wp\/v2\/product"}],"about":[{"href":"https:\/\/www.hirtenberg-apotheke.at\/katalog\/wp-json\/wp\/v2\/types\/product"}],"wp:attachment":[{"href":"https:\/\/www.hirtenberg-apotheke.at\/katalog\/wp-json\/wp\/v2\/media?parent=57380"}],"wp:term":[{"taxonomy":"product_brand","embeddable":true,"href":"https:\/\/www.hirtenberg-apotheke.at\/katalog\/wp-json\/wp\/v2\/product_brand?post=57380"},{"taxonomy":"product_cat","embeddable":true,"href":"https:\/\/www.hirtenberg-apotheke.at\/katalog\/wp-json\/wp\/v2\/product_cat?post=57380"},{"taxonomy":"product_tag","embeddable":true,"href":"https:\/\/www.hirtenberg-apotheke.at\/katalog\/wp-json\/wp\/v2\/product_tag?post=57380"}],"curies":[{"name":"wp","href":"https:\/\/api.w.org\/{rel}","templated":true}]}}