{"id":57469,"date":"2025-11-26T17:19:39","date_gmt":"2025-11-26T16:19:39","guid":{"rendered":"https:\/\/www.hirtenberg-apotheke.at\/katalog\/produkt\/ehrmed-ginseng-kapseln-60-stk\/"},"modified":"2025-11-26T17:20:13","modified_gmt":"2025-11-26T16:20:13","slug":"ehrmed-ginseng-kapseln-60-stk","status":"publish","type":"product","link":"https:\/\/www.hirtenberg-apotheke.at\/katalog\/produkt\/ehrmed-ginseng-kapseln-60-stk\/","title":{"rendered":"Ehrmed Ginseng Kapseln 60 Stk."},"content":{"rendered":"<p>Ehrmed Ginseng Kapseln dienen zur Unterst\u00fctzung bei M\u00fcdigkeit, Stress und Ersch\u00f6pfung. Au\u00dferdem st\u00e4rken diese Kapseln die Abwehrkr\u00e4fte.  F\u00fcr geistige und k\u00f6rperliche Leistungsf\u00e4higkeit.<\/p>\n","protected":false},"excerpt":{"rendered":"<p>Ehrmed Ginseng Kapseln dienen zur Unterst\u00fctzung bei M\u00fcdigkeit, Stress und Ersch\u00f6pfung. Au\u00dferdem st\u00e4rken diese Kapseln die Abwehrkr\u00e4fte. F\u00fcr geistige und k\u00f6rperliche Leistungsf\u00e4higkeit.<\/p>\n","protected":false},"featured_media":57471,"template":"","meta":{"_acf_changed":false},"product_brand":[],"product_cat":[307],"product_tag":[],"class_list":{"0":"post-57469","1":"product","2":"type-product","3":"status-publish","4":"has-post-thumbnail","6":"product_cat-e","7":"pa_packungsgroesse-60-stueck","9":"first","10":"instock","11":"shipping-taxable","12":"purchasable","13":"product-type-simple"},"acf":[],"_links":{"self":[{"href":"https:\/\/www.hirtenberg-apotheke.at\/katalog\/wp-json\/wp\/v2\/product\/57469","targetHints":{"allow":["GET"]}}],"collection":[{"href":"https:\/\/www.hirtenberg-apotheke.at\/katalog\/wp-json\/wp\/v2\/product"}],"about":[{"href":"https:\/\/www.hirtenberg-apotheke.at\/katalog\/wp-json\/wp\/v2\/types\/product"}],"wp:featuredmedia":[{"embeddable":true,"href":"https:\/\/www.hirtenberg-apotheke.at\/katalog\/wp-json\/wp\/v2\/media\/57471"}],"wp:attachment":[{"href":"https:\/\/www.hirtenberg-apotheke.at\/katalog\/wp-json\/wp\/v2\/media?parent=57469"}],"wp:term":[{"taxonomy":"product_brand","embeddable":true,"href":"https:\/\/www.hirtenberg-apotheke.at\/katalog\/wp-json\/wp\/v2\/product_brand?post=57469"},{"taxonomy":"product_cat","embeddable":true,"href":"https:\/\/www.hirtenberg-apotheke.at\/katalog\/wp-json\/wp\/v2\/product_cat?post=57469"},{"taxonomy":"product_tag","embeddable":true,"href":"https:\/\/www.hirtenberg-apotheke.at\/katalog\/wp-json\/wp\/v2\/product_tag?post=57469"}],"curies":[{"name":"wp","href":"https:\/\/api.w.org\/{rel}","templated":true}]}}