{"id":57478,"date":"2025-11-26T17:20:21","date_gmt":"2025-11-26T16:20:21","guid":{"rendered":"https:\/\/www.hirtenberg-apotheke.at\/katalog\/produkt\/alpenkraft-kapuzinerkresse-meerrettich-kapseln-30-stk-bio\/"},"modified":"2025-11-26T17:20:26","modified_gmt":"2025-11-26T16:20:26","slug":"alpenkraft-kapuzinerkresse-meerrettich-kapseln-30-stk-bio","status":"publish","type":"product","link":"https:\/\/www.hirtenberg-apotheke.at\/katalog\/produkt\/alpenkraft-kapuzinerkresse-meerrettich-kapseln-30-stk-bio\/","title":{"rendered":"Alpenkraft Kapuzinerkresse-Meerrettich Kapseln 30 Stk. BIO"},"content":{"rendered":"<p>In der kalten Jahreszeit ist unser Immunsystem nicht zuletzt aufgrund des nasskalten Wetters und der trockenen Heizungsluft besonders gefordert. Deshalb eignen sich zur Unterst\u00fctzung der k\u00f6rpereigenen Abwehrkr\u00e4fte Alpenkraft\u00ae Kapuzinerkresse-Meerrettich Kapseln mit einem hohen Gehalt an nat\u00fcrlichem Vitamin C. Vitamin C unterst\u00fctzt ein gesundes Immunsystem und bietet den Zellen einen optimalen Schutz vor oxidativem Stress. Kapuzinerkresse und Meerrettich sind schon seit Jahrhunderten fester Bestandteil in traditionellen Klosterg\u00e4rten und werden aufgrund ihrer wertvollen Eigenschaften besonders gesch\u00e4tzt. Die angenehme Sch\u00e4rfe der enthaltenen Senf\u00f6le hat einen positiven Einfluss auf unser Wohlbefinden.<\/p>\n","protected":false},"excerpt":{"rendered":"<p>In der kalten Jahreszeit ist unser Immunsystem nicht zuletzt aufgrund des nasskalten Wetters und der trockenen Heizungsluft besonders gefordert. Deshalb eignen sich zur Unterst\u00fctzung der k\u00f6rpereigenen Abwehrkr\u00e4fte Alpenkraft\u00ae Kapuzinerkresse-Meerrettich Kapseln mit einem hohen Gehalt an nat\u00fcrlichem Vitamin C. Vitamin C unterst\u00fctzt ein gesundes Immunsystem und bietet den Zellen einen optimalen Schutz vor oxidativem Stress. Kapuzinerkresse [&hellip;]<\/p>\n","protected":false},"featured_media":57480,"template":"","meta":{"_acf_changed":false},"product_brand":[],"product_cat":[299],"product_tag":[],"class_list":{"0":"post-57478","1":"product","2":"type-product","3":"status-publish","4":"has-post-thumbnail","6":"product_cat-a","7":"pa_packungsgroesse-30-stueck","9":"first","10":"instock","11":"shipping-taxable","12":"purchasable","13":"product-type-simple"},"acf":[],"_links":{"self":[{"href":"https:\/\/www.hirtenberg-apotheke.at\/katalog\/wp-json\/wp\/v2\/product\/57478","targetHints":{"allow":["GET"]}}],"collection":[{"href":"https:\/\/www.hirtenberg-apotheke.at\/katalog\/wp-json\/wp\/v2\/product"}],"about":[{"href":"https:\/\/www.hirtenberg-apotheke.at\/katalog\/wp-json\/wp\/v2\/types\/product"}],"wp:featuredmedia":[{"embeddable":true,"href":"https:\/\/www.hirtenberg-apotheke.at\/katalog\/wp-json\/wp\/v2\/media\/57480"}],"wp:attachment":[{"href":"https:\/\/www.hirtenberg-apotheke.at\/katalog\/wp-json\/wp\/v2\/media?parent=57478"}],"wp:term":[{"taxonomy":"product_brand","embeddable":true,"href":"https:\/\/www.hirtenberg-apotheke.at\/katalog\/wp-json\/wp\/v2\/product_brand?post=57478"},{"taxonomy":"product_cat","embeddable":true,"href":"https:\/\/www.hirtenberg-apotheke.at\/katalog\/wp-json\/wp\/v2\/product_cat?post=57478"},{"taxonomy":"product_tag","embeddable":true,"href":"https:\/\/www.hirtenberg-apotheke.at\/katalog\/wp-json\/wp\/v2\/product_tag?post=57478"}],"curies":[{"name":"wp","href":"https:\/\/api.w.org\/{rel}","templated":true}]}}