{"id":57611,"date":"2025-11-26T17:22:33","date_gmt":"2025-11-26T16:22:33","guid":{"rendered":"https:\/\/www.hirtenberg-apotheke.at\/katalog\/produkt\/mantra-weihrauch-vitamin-e-kapseln-200-stk\/"},"modified":"2025-11-26T17:22:56","modified_gmt":"2025-11-26T16:22:56","slug":"mantra-weihrauch-vitamin-e-kapseln-200-stk","status":"publish","type":"product","link":"https:\/\/www.hirtenberg-apotheke.at\/katalog\/produkt\/mantra-weihrauch-vitamin-e-kapseln-200-stk\/","title":{"rendered":"Mantra Weihrauch Vitamin E Kapseln 200 Stk."},"content":{"rendered":"<p>MantraPharm bietet bew\u00e4hrte Pflanzen in Premiumqualit\u00e4t als Nahrungserg\u00e4nzungsmittel \u2013 konzipiert f\u00fcr ein breites Anwendungsspektrum._x000D_Die Kombination mit Vitaminen, Mineralstoffen und Spurenelementen k\u00f6nnen einen erh\u00f6hten N\u00e4hrstoffbedarf bedienen. Bew\u00e4hrte Pflanzen tragen zur ern\u00e4hrungsphysilogischen Unterst\u00fctzung bei.<\/p>\n","protected":false},"excerpt":{"rendered":"<p>MantraPharm bietet bew\u00e4hrte Pflanzen in Premiumqualit\u00e4t als Nahrungserg\u00e4nzungsmittel \u2013 konzipiert f\u00fcr ein breites Anwendungsspektrum._x000D_Die Kombination mit Vitaminen, Mineralstoffen und Spurenelementen k\u00f6nnen einen erh\u00f6hten N\u00e4hrstoffbedarf bedienen. Bew\u00e4hrte Pflanzen tragen zur ern\u00e4hrungsphysilogischen Unterst\u00fctzung bei.<\/p>\n","protected":false},"featured_media":57613,"template":"","meta":{"_acf_changed":false},"product_brand":[],"product_cat":[308],"product_tag":[],"class_list":{"0":"post-57611","1":"product","2":"type-product","3":"status-publish","4":"has-post-thumbnail","6":"product_cat-m","7":"pa_packungsgroesse-200-stueck","9":"first","10":"instock","11":"shipping-taxable","12":"purchasable","13":"product-type-simple"},"acf":[],"_links":{"self":[{"href":"https:\/\/www.hirtenberg-apotheke.at\/katalog\/wp-json\/wp\/v2\/product\/57611","targetHints":{"allow":["GET"]}}],"collection":[{"href":"https:\/\/www.hirtenberg-apotheke.at\/katalog\/wp-json\/wp\/v2\/product"}],"about":[{"href":"https:\/\/www.hirtenberg-apotheke.at\/katalog\/wp-json\/wp\/v2\/types\/product"}],"wp:featuredmedia":[{"embeddable":true,"href":"https:\/\/www.hirtenberg-apotheke.at\/katalog\/wp-json\/wp\/v2\/media\/57613"}],"wp:attachment":[{"href":"https:\/\/www.hirtenberg-apotheke.at\/katalog\/wp-json\/wp\/v2\/media?parent=57611"}],"wp:term":[{"taxonomy":"product_brand","embeddable":true,"href":"https:\/\/www.hirtenberg-apotheke.at\/katalog\/wp-json\/wp\/v2\/product_brand?post=57611"},{"taxonomy":"product_cat","embeddable":true,"href":"https:\/\/www.hirtenberg-apotheke.at\/katalog\/wp-json\/wp\/v2\/product_cat?post=57611"},{"taxonomy":"product_tag","embeddable":true,"href":"https:\/\/www.hirtenberg-apotheke.at\/katalog\/wp-json\/wp\/v2\/product_tag?post=57611"}],"curies":[{"name":"wp","href":"https:\/\/api.w.org\/{rel}","templated":true}]}}