{"id":57669,"date":"2025-11-26T17:23:37","date_gmt":"2025-11-26T16:23:37","guid":{"rendered":"https:\/\/www.hirtenberg-apotheke.at\/katalog\/produkt\/canal-splitterpinzette-mit-4-fach-lupe-rostfrei\/"},"modified":"2025-11-26T17:23:52","modified_gmt":"2025-11-26T16:23:52","slug":"canal-splitterpinzette-mit-4-fach-lupe-rostfrei","status":"publish","type":"product","link":"https:\/\/www.hirtenberg-apotheke.at\/katalog\/produkt\/canal-splitterpinzette-mit-4-fach-lupe-rostfrei\/","title":{"rendered":"Canal Splitterpinzette mit 4-fach-Lupe rostfrei"},"content":{"rendered":"<p>&#8211; Fasst jegliche Splitter und Dornen optimal<\/p>\n<p>&#8211; Inkl. 4-fach Lupe f\u00fcr einen besseren Blick<\/p>\n<p>&#8211; Hygienisch und anti-allergen aufgrund rostfreiem Edelstahl<\/p>\n<p>L x B x H: 12 x 0,8 x 0,5 cm<\/p>\n<p><strong>Was unterscheidet canal Pinzetten von anderen?<\/strong><\/p>\n<p>Jede canal Splitterpinzette wird von Hand geschliffen und zeichnet sich durch feinste Spitzen und genau aufeinander abgestimmte Greiffl\u00e4chen aus. Die perfekte Pinzette darf sich beim Zusammendr\u00fccken nicht \u00f6ffnen. Die Spitzen der Splitterpinzette sind so pr\u00e4zise geschliffen, dass jegliche Dornen und Splitter optimal gefasst und einfach entfernt werden k\u00f6nnen. Alle rostfreien canal Pinzetten sind nachschleifbar &#8211; umweltfreundlich, nachhaltig und garantierte lebenslange Freude.<\/p>\n<p><strong>Qualit\u00e4t sp\u00fcren und erleben!<\/strong><\/p>\n","protected":false},"excerpt":{"rendered":"<p>&#8211; Fasst jegliche Splitter und Dornen optimal &#8211; Inkl. 4-fach Lupe f\u00fcr einen besseren Blick &#8211; Hygienisch und anti-allergen aufgrund rostfreiem Edelstahl L x B x H: 12 x 0,8 x 0,5 cm Was unterscheidet canal Pinzetten von anderen? Jede canal Splitterpinzette wird von Hand geschliffen und zeichnet sich durch feinste Spitzen und genau aufeinander [&hellip;]<\/p>\n","protected":false},"featured_media":57671,"template":"","meta":{"_acf_changed":false},"product_brand":[1123],"product_cat":[337],"product_tag":[],"class_list":{"0":"post-57669","1":"product","2":"type-product","3":"status-publish","4":"has-post-thumbnail","6":"product_brand-canal","7":"product_cat-c","8":"pa_packungsgroesse-1-stueck","10":"first","11":"instock","12":"shipping-taxable","13":"purchasable","14":"product-type-simple"},"acf":[],"_links":{"self":[{"href":"https:\/\/www.hirtenberg-apotheke.at\/katalog\/wp-json\/wp\/v2\/product\/57669","targetHints":{"allow":["GET"]}}],"collection":[{"href":"https:\/\/www.hirtenberg-apotheke.at\/katalog\/wp-json\/wp\/v2\/product"}],"about":[{"href":"https:\/\/www.hirtenberg-apotheke.at\/katalog\/wp-json\/wp\/v2\/types\/product"}],"wp:featuredmedia":[{"embeddable":true,"href":"https:\/\/www.hirtenberg-apotheke.at\/katalog\/wp-json\/wp\/v2\/media\/57671"}],"wp:attachment":[{"href":"https:\/\/www.hirtenberg-apotheke.at\/katalog\/wp-json\/wp\/v2\/media?parent=57669"}],"wp:term":[{"taxonomy":"product_brand","embeddable":true,"href":"https:\/\/www.hirtenberg-apotheke.at\/katalog\/wp-json\/wp\/v2\/product_brand?post=57669"},{"taxonomy":"product_cat","embeddable":true,"href":"https:\/\/www.hirtenberg-apotheke.at\/katalog\/wp-json\/wp\/v2\/product_cat?post=57669"},{"taxonomy":"product_tag","embeddable":true,"href":"https:\/\/www.hirtenberg-apotheke.at\/katalog\/wp-json\/wp\/v2\/product_tag?post=57669"}],"curies":[{"name":"wp","href":"https:\/\/api.w.org\/{rel}","templated":true}]}}