{"id":57824,"date":"2025-11-26T17:27:01","date_gmt":"2025-11-26T16:27:01","guid":{"rendered":"https:\/\/www.hirtenberg-apotheke.at\/katalog\/produkt\/sebamed-baby-kind-pflegecreme-gesicht-koerper-75-ml\/"},"modified":"2025-11-26T17:27:31","modified_gmt":"2025-11-26T16:27:31","slug":"sebamed-baby-kind-pflegecreme-gesicht-koerper-75-ml","status":"publish","type":"product","link":"https:\/\/www.hirtenberg-apotheke.at\/katalog\/produkt\/sebamed-baby-kind-pflegecreme-gesicht-koerper-75-ml\/","title":{"rendered":"Sebamed Baby &#038; Kind Pflegecreme Gesicht &#038; K\u00f6rper 75 ml"},"content":{"rendered":"<p>sebamed Baby &#038; Kind Pflegecreme pflegt zarte Kinderhaut intensiv, auch bei trockener Haut und Reizungen. Auch therapiebegleitend bei Neurodermitis, Ekzemen, Hautinfektionen \u2013 nach R\u00fccksprache mit dem Kinderarzt. Die sehr gute Hautvertr\u00e4glichkeit ist dermatologisch-klinisch best\u00e4tigt.<\/p>\n","protected":false},"excerpt":{"rendered":"<p>sebamed Baby &#038; Kind Pflegecreme pflegt zarte Kinderhaut intensiv, auch bei trockener Haut und Reizungen. Auch therapiebegleitend bei Neurodermitis, Ekzemen, Hautinfektionen \u2013 nach R\u00fccksprache mit dem Kinderarzt. Die sehr gute Hautvertr\u00e4glichkeit ist dermatologisch-klinisch best\u00e4tigt.<\/p>\n","protected":false},"featured_media":57826,"template":"","meta":{"_acf_changed":false},"product_brand":[753],"product_cat":[303],"product_tag":[],"class_list":{"0":"post-57824","1":"product","2":"type-product","3":"status-publish","4":"has-post-thumbnail","6":"product_brand-sebamed","7":"product_cat-s","8":"pa_packungsgroesse-75ml","10":"first","11":"instock","12":"shipping-taxable","13":"purchasable","14":"product-type-simple"},"acf":[],"_links":{"self":[{"href":"https:\/\/www.hirtenberg-apotheke.at\/katalog\/wp-json\/wp\/v2\/product\/57824","targetHints":{"allow":["GET"]}}],"collection":[{"href":"https:\/\/www.hirtenberg-apotheke.at\/katalog\/wp-json\/wp\/v2\/product"}],"about":[{"href":"https:\/\/www.hirtenberg-apotheke.at\/katalog\/wp-json\/wp\/v2\/types\/product"}],"wp:featuredmedia":[{"embeddable":true,"href":"https:\/\/www.hirtenberg-apotheke.at\/katalog\/wp-json\/wp\/v2\/media\/57826"}],"wp:attachment":[{"href":"https:\/\/www.hirtenberg-apotheke.at\/katalog\/wp-json\/wp\/v2\/media?parent=57824"}],"wp:term":[{"taxonomy":"product_brand","embeddable":true,"href":"https:\/\/www.hirtenberg-apotheke.at\/katalog\/wp-json\/wp\/v2\/product_brand?post=57824"},{"taxonomy":"product_cat","embeddable":true,"href":"https:\/\/www.hirtenberg-apotheke.at\/katalog\/wp-json\/wp\/v2\/product_cat?post=57824"},{"taxonomy":"product_tag","embeddable":true,"href":"https:\/\/www.hirtenberg-apotheke.at\/katalog\/wp-json\/wp\/v2\/product_tag?post=57824"}],"curies":[{"name":"wp","href":"https:\/\/api.w.org\/{rel}","templated":true}]}}