{"id":57877,"date":"2025-11-26T17:28:17","date_gmt":"2025-11-26T16:28:17","guid":{"rendered":"https:\/\/www.hirtenberg-apotheke.at\/katalog\/produkt\/cutimed-protect-spray-28-ml\/"},"modified":"2025-11-26T17:28:24","modified_gmt":"2025-11-26T16:28:24","slug":"cutimed-protect-spray-28-ml","status":"publish","type":"product","link":"https:\/\/www.hirtenberg-apotheke.at\/katalog\/produkt\/cutimed-protect-spray-28-ml\/","title":{"rendered":"Cutimed Protect Spray  28 ml"},"content":{"rendered":"<p>Cutimed Protect Spray wurde speziell f\u00fcr ein leichtes Auftragen auf die gro\u00dffl\u00e4chige Wundumgebungshaut entwickelt. Der Spray wirkt prophylaktisch auf intakten oder bereits irritierten Hautarealen und sch\u00fctzt diese bis zu 96 Stunden vor Mazerationen durch K\u00f6rperfl\u00fcssigkeiten.<\/p>\n","protected":false},"excerpt":{"rendered":"<p>Cutimed Protect Spray wurde speziell f\u00fcr ein leichtes Auftragen auf die gro\u00dffl\u00e4chige Wundumgebungshaut entwickelt. Der Spray wirkt prophylaktisch auf intakten oder bereits irritierten Hautarealen und sch\u00fctzt diese bis zu 96 Stunden vor Mazerationen durch K\u00f6rperfl\u00fcssigkeiten.<\/p>\n","protected":false},"featured_media":57879,"template":"","meta":{"_acf_changed":false},"product_brand":[],"product_cat":[337],"product_tag":[],"class_list":{"0":"post-57877","1":"product","2":"type-product","3":"status-publish","4":"has-post-thumbnail","6":"product_cat-c","7":"pa_packungsgroesse-1-stueck","9":"first","10":"instock","11":"shipping-taxable","12":"purchasable","13":"product-type-simple"},"acf":[],"_links":{"self":[{"href":"https:\/\/www.hirtenberg-apotheke.at\/katalog\/wp-json\/wp\/v2\/product\/57877","targetHints":{"allow":["GET"]}}],"collection":[{"href":"https:\/\/www.hirtenberg-apotheke.at\/katalog\/wp-json\/wp\/v2\/product"}],"about":[{"href":"https:\/\/www.hirtenberg-apotheke.at\/katalog\/wp-json\/wp\/v2\/types\/product"}],"wp:featuredmedia":[{"embeddable":true,"href":"https:\/\/www.hirtenberg-apotheke.at\/katalog\/wp-json\/wp\/v2\/media\/57879"}],"wp:attachment":[{"href":"https:\/\/www.hirtenberg-apotheke.at\/katalog\/wp-json\/wp\/v2\/media?parent=57877"}],"wp:term":[{"taxonomy":"product_brand","embeddable":true,"href":"https:\/\/www.hirtenberg-apotheke.at\/katalog\/wp-json\/wp\/v2\/product_brand?post=57877"},{"taxonomy":"product_cat","embeddable":true,"href":"https:\/\/www.hirtenberg-apotheke.at\/katalog\/wp-json\/wp\/v2\/product_cat?post=57877"},{"taxonomy":"product_tag","embeddable":true,"href":"https:\/\/www.hirtenberg-apotheke.at\/katalog\/wp-json\/wp\/v2\/product_tag?post=57877"}],"curies":[{"name":"wp","href":"https:\/\/api.w.org\/{rel}","templated":true}]}}