{"id":57982,"date":"2025-11-26T17:30:30","date_gmt":"2025-11-26T16:30:30","guid":{"rendered":"https:\/\/www.hirtenberg-apotheke.at\/katalog\/produkt\/laxelle-achselpads-30-stk-medium\/"},"modified":"2025-11-26T17:30:44","modified_gmt":"2025-11-26T16:30:44","slug":"laxelle-achselpads-30-stk-medium","status":"publish","type":"product","link":"https:\/\/www.hirtenberg-apotheke.at\/katalog\/produkt\/laxelle-achselpads-30-stk-medium\/","title":{"rendered":"Laxelle Achselpads 30 Stk. Medium"},"content":{"rendered":"<p>Laxelle Achselpads helfen, wenn Ihr Deo versagt. Der starke Saugkern dieser Achselpads nimmt den frisch gebildeten Achselschwei\u00df sofort auf. Dadurch haben die Hautbakterien keine Chance, an Ihrer &#8222;pers\u00f6nlichen Duftnote&#8220; zu arbeiten. Die Pads beugen so der Geruchsbildung vor. Die Pads sind besonders f\u00fcr sensible Haut geeignet, da sie keine Wirkstoffe beinhalten. Diese Pads erhalten Sie in den Gr\u00f6\u00dfen Medium und Large.<\/p>\n","protected":false},"excerpt":{"rendered":"<p>Laxelle Achselpads helfen, wenn Ihr Deo versagt. Der starke Saugkern dieser Achselpads nimmt den frisch gebildeten Achselschwei\u00df sofort auf. Dadurch haben die Hautbakterien keine Chance, an Ihrer &#8222;pers\u00f6nlichen Duftnote&#8220; zu arbeiten. Die Pads beugen so der Geruchsbildung vor. Die Pads sind besonders f\u00fcr sensible Haut geeignet, da sie keine Wirkstoffe beinhalten. Diese Pads erhalten Sie [&hellip;]<\/p>\n","protected":false},"featured_media":0,"template":"","meta":{"_acf_changed":false},"product_brand":[],"product_cat":[317],"product_tag":[],"class_list":{"0":"post-57982","1":"product","2":"type-product","3":"status-publish","5":"product_cat-l","6":"pa_packungsgroesse-30-stueck","8":"first","9":"instock","10":"shipping-taxable","11":"purchasable","12":"product-type-simple"},"acf":[],"_links":{"self":[{"href":"https:\/\/www.hirtenberg-apotheke.at\/katalog\/wp-json\/wp\/v2\/product\/57982","targetHints":{"allow":["GET"]}}],"collection":[{"href":"https:\/\/www.hirtenberg-apotheke.at\/katalog\/wp-json\/wp\/v2\/product"}],"about":[{"href":"https:\/\/www.hirtenberg-apotheke.at\/katalog\/wp-json\/wp\/v2\/types\/product"}],"wp:attachment":[{"href":"https:\/\/www.hirtenberg-apotheke.at\/katalog\/wp-json\/wp\/v2\/media?parent=57982"}],"wp:term":[{"taxonomy":"product_brand","embeddable":true,"href":"https:\/\/www.hirtenberg-apotheke.at\/katalog\/wp-json\/wp\/v2\/product_brand?post=57982"},{"taxonomy":"product_cat","embeddable":true,"href":"https:\/\/www.hirtenberg-apotheke.at\/katalog\/wp-json\/wp\/v2\/product_cat?post=57982"},{"taxonomy":"product_tag","embeddable":true,"href":"https:\/\/www.hirtenberg-apotheke.at\/katalog\/wp-json\/wp\/v2\/product_tag?post=57982"}],"curies":[{"name":"wp","href":"https:\/\/api.w.org\/{rel}","templated":true}]}}