{"id":58015,"date":"2025-11-26T17:31:01","date_gmt":"2025-11-26T16:31:01","guid":{"rendered":"https:\/\/www.hirtenberg-apotheke.at\/katalog\/produkt\/marnys-nachtkerzenoel-100-rein-natuerlich-125-ml\/"},"modified":"2025-11-26T17:31:09","modified_gmt":"2025-11-26T16:31:09","slug":"marnys-nachtkerzenoel-100-rein-natuerlich-125-ml","status":"publish","type":"product","link":"https:\/\/www.hirtenberg-apotheke.at\/katalog\/produkt\/marnys-nachtkerzenoel-100-rein-natuerlich-125-ml\/","title":{"rendered":"MARNYS Nachtkerzen\u00f6l 100% rein &#038; nat\u00fcrlich 125 ml"},"content":{"rendered":"<p>MARNYS Nachtkerzen\u00f6l enth\u00e4lt 68% der Mindestlinols\u00e4ure und 10% der GLA. Es enth\u00e4lt auch nat\u00fcrliches Vitamin E, das zum Zellschutz vor oxidativen Sch\u00e4den (EFSA) beitr\u00e4gt.<\/p>\n","protected":false},"excerpt":{"rendered":"<p>MARNYS Nachtkerzen\u00f6l enth\u00e4lt 68% der Mindestlinols\u00e4ure und 10% der GLA. Es enth\u00e4lt auch nat\u00fcrliches Vitamin E, das zum Zellschutz vor oxidativen Sch\u00e4den (EFSA) beitr\u00e4gt.<\/p>\n","protected":false},"featured_media":0,"template":"","meta":{"_acf_changed":false},"product_brand":[],"product_cat":[308],"product_tag":[],"class_list":{"0":"post-58015","1":"product","2":"type-product","3":"status-publish","5":"product_cat-m","6":"pa_packungsgroesse-125ml","8":"first","9":"instock","10":"shipping-taxable","11":"purchasable","12":"product-type-simple"},"acf":[],"_links":{"self":[{"href":"https:\/\/www.hirtenberg-apotheke.at\/katalog\/wp-json\/wp\/v2\/product\/58015","targetHints":{"allow":["GET"]}}],"collection":[{"href":"https:\/\/www.hirtenberg-apotheke.at\/katalog\/wp-json\/wp\/v2\/product"}],"about":[{"href":"https:\/\/www.hirtenberg-apotheke.at\/katalog\/wp-json\/wp\/v2\/types\/product"}],"wp:attachment":[{"href":"https:\/\/www.hirtenberg-apotheke.at\/katalog\/wp-json\/wp\/v2\/media?parent=58015"}],"wp:term":[{"taxonomy":"product_brand","embeddable":true,"href":"https:\/\/www.hirtenberg-apotheke.at\/katalog\/wp-json\/wp\/v2\/product_brand?post=58015"},{"taxonomy":"product_cat","embeddable":true,"href":"https:\/\/www.hirtenberg-apotheke.at\/katalog\/wp-json\/wp\/v2\/product_cat?post=58015"},{"taxonomy":"product_tag","embeddable":true,"href":"https:\/\/www.hirtenberg-apotheke.at\/katalog\/wp-json\/wp\/v2\/product_tag?post=58015"}],"curies":[{"name":"wp","href":"https:\/\/api.w.org\/{rel}","templated":true}]}}