{"id":58098,"date":"2025-11-26T17:32:30","date_gmt":"2025-11-26T16:32:30","guid":{"rendered":"https:\/\/www.hirtenberg-apotheke.at\/katalog\/produkt\/hairwonder-shampoo-gloss-brown-200-ml\/"},"modified":"2025-11-26T17:32:48","modified_gmt":"2025-11-26T16:32:48","slug":"hairwonder-shampoo-gloss-brown-200-ml","status":"publish","type":"product","link":"https:\/\/www.hirtenberg-apotheke.at\/katalog\/produkt\/hairwonder-shampoo-gloss-brown-200-ml\/","title":{"rendered":"Hairwonder Shampoo Gloss Brown 200 ml"},"content":{"rendered":"<p>Hairwonder Shampoo Gloss Brown st\u00e4rkt das Haar und verleiht ihm Glanz. Zudem verbessert es die Haarstruktur und Vitalit\u00e4t. Au\u00dferdem spendet das Shampoo Feuchtigkeit und sorgt f\u00fcr dauerhaften Farbschutz.<\/p>\n","protected":false},"excerpt":{"rendered":"<p>Hairwonder Shampoo Gloss Brown st\u00e4rkt das Haar und verleiht ihm Glanz. Zudem verbessert es die Haarstruktur und Vitalit\u00e4t. Au\u00dferdem spendet das Shampoo Feuchtigkeit und sorgt f\u00fcr dauerhaften Farbschutz.<\/p>\n","protected":false},"featured_media":58100,"template":"","meta":{"_acf_changed":false},"product_brand":[],"product_cat":[330],"product_tag":[],"class_list":{"0":"post-58098","1":"product","2":"type-product","3":"status-publish","4":"has-post-thumbnail","6":"product_cat-h","7":"pa_packungsgroesse-200ml","9":"first","10":"instock","11":"shipping-taxable","12":"purchasable","13":"product-type-simple"},"acf":[],"_links":{"self":[{"href":"https:\/\/www.hirtenberg-apotheke.at\/katalog\/wp-json\/wp\/v2\/product\/58098","targetHints":{"allow":["GET"]}}],"collection":[{"href":"https:\/\/www.hirtenberg-apotheke.at\/katalog\/wp-json\/wp\/v2\/product"}],"about":[{"href":"https:\/\/www.hirtenberg-apotheke.at\/katalog\/wp-json\/wp\/v2\/types\/product"}],"wp:featuredmedia":[{"embeddable":true,"href":"https:\/\/www.hirtenberg-apotheke.at\/katalog\/wp-json\/wp\/v2\/media\/58100"}],"wp:attachment":[{"href":"https:\/\/www.hirtenberg-apotheke.at\/katalog\/wp-json\/wp\/v2\/media?parent=58098"}],"wp:term":[{"taxonomy":"product_brand","embeddable":true,"href":"https:\/\/www.hirtenberg-apotheke.at\/katalog\/wp-json\/wp\/v2\/product_brand?post=58098"},{"taxonomy":"product_cat","embeddable":true,"href":"https:\/\/www.hirtenberg-apotheke.at\/katalog\/wp-json\/wp\/v2\/product_cat?post=58098"},{"taxonomy":"product_tag","embeddable":true,"href":"https:\/\/www.hirtenberg-apotheke.at\/katalog\/wp-json\/wp\/v2\/product_tag?post=58098"}],"curies":[{"name":"wp","href":"https:\/\/api.w.org\/{rel}","templated":true}]}}