{"id":58125,"date":"2025-11-26T17:33:12","date_gmt":"2025-11-26T16:33:12","guid":{"rendered":"https:\/\/www.hirtenberg-apotheke.at\/katalog\/produkt\/kreatin-250mg-kapseln-2\/"},"modified":"2025-11-26T17:33:20","modified_gmt":"2025-11-26T16:33:20","slug":"kreatin-250mg-kapseln-2","status":"publish","type":"product","link":"https:\/\/www.hirtenberg-apotheke.at\/katalog\/produkt\/kreatin-250mg-kapseln-2\/","title":{"rendered":"Kreatin 250mg Kapseln"},"content":{"rendered":"<p>Gall Pharma Kreatin 250 mg Kapseln enthalten Kreatin-Monohydrat in einer Hartgelatinekapsel. Der K\u00f6rper verbraucht am Tag durchschnittlich etwa 2 g Kreatin. Diese Menge wird zur H\u00e4lfte \u00fcber die k\u00f6rpereigene Produktion mit Hilfe der Aminos\u00e4uren L-Arginin, Glycin und L-Methionin, zur anderen H\u00e4lfte \u00fcber die Nahrungsaufnahme wieder ersetzt. Dieses Produkt ist in Packungen zu 60 und 120 St\u00fcck erh\u00e4ltlich.<\/p>\n","protected":false},"excerpt":{"rendered":"<p>Gall Pharma Kreatin 250 mg Kapseln enthalten Kreatin-Monohydrat in einer Hartgelatinekapsel. Der K\u00f6rper verbraucht am Tag durchschnittlich etwa 2 g Kreatin. Diese Menge wird zur H\u00e4lfte \u00fcber die k\u00f6rpereigene Produktion mit Hilfe der Aminos\u00e4uren L-Arginin, Glycin und L-Methionin, zur anderen H\u00e4lfte \u00fcber die Nahrungsaufnahme wieder ersetzt. Dieses Produkt ist in Packungen zu 60 und 120 [&hellip;]<\/p>\n","protected":false},"featured_media":0,"template":"","meta":{"_acf_changed":false},"product_brand":[316],"product_cat":[387],"product_tag":[],"class_list":{"0":"post-58125","1":"product","2":"type-product","3":"status-publish","5":"product_brand-gall-pharma","6":"product_cat-k","7":"pa_packungsgroesse-120-stueck","9":"first","10":"instock","11":"shipping-taxable","12":"purchasable","13":"product-type-simple"},"acf":[],"_links":{"self":[{"href":"https:\/\/www.hirtenberg-apotheke.at\/katalog\/wp-json\/wp\/v2\/product\/58125","targetHints":{"allow":["GET"]}}],"collection":[{"href":"https:\/\/www.hirtenberg-apotheke.at\/katalog\/wp-json\/wp\/v2\/product"}],"about":[{"href":"https:\/\/www.hirtenberg-apotheke.at\/katalog\/wp-json\/wp\/v2\/types\/product"}],"wp:attachment":[{"href":"https:\/\/www.hirtenberg-apotheke.at\/katalog\/wp-json\/wp\/v2\/media?parent=58125"}],"wp:term":[{"taxonomy":"product_brand","embeddable":true,"href":"https:\/\/www.hirtenberg-apotheke.at\/katalog\/wp-json\/wp\/v2\/product_brand?post=58125"},{"taxonomy":"product_cat","embeddable":true,"href":"https:\/\/www.hirtenberg-apotheke.at\/katalog\/wp-json\/wp\/v2\/product_cat?post=58125"},{"taxonomy":"product_tag","embeddable":true,"href":"https:\/\/www.hirtenberg-apotheke.at\/katalog\/wp-json\/wp\/v2\/product_tag?post=58125"}],"curies":[{"name":"wp","href":"https:\/\/api.w.org\/{rel}","templated":true}]}}