{"id":58144,"date":"2025-11-26T17:33:12","date_gmt":"2025-11-26T16:33:12","guid":{"rendered":"https:\/\/www.hirtenberg-apotheke.at\/katalog\/produkt\/naturaslim-c-block-kapseln-90-stk\/"},"modified":"2025-11-26T17:33:37","modified_gmt":"2025-11-26T16:33:37","slug":"naturaslim-c-block-kapseln-90-stk","status":"publish","type":"product","link":"https:\/\/www.hirtenberg-apotheke.at\/katalog\/produkt\/naturaslim-c-block-kapseln-90-stk\/","title":{"rendered":"Naturaslim C-Block Kapseln 90 Stk."},"content":{"rendered":"<p>Der Naturaslim C-Block enth\u00e4lt unter anderem den neuartigen Wirkstoff Phaseolin, der aus der wei\u00dfen Kidney-Bohne Das Phaseolin, welches nur bei mittel- und langkettigen Kohlenhydraten (Brot, Pizza, Pasta, Kartoffel, Reis, M\u00fcsli usw.) wirken kann, wird beim Naturaslim C-Block durch die Wirkung von HCA optimal erg\u00e4nzt. Au\u00dferdem wurden Chrom und Vitamin C zugesetzt.<\/p>\n","protected":false},"excerpt":{"rendered":"<p>Der Naturaslim C-Block enth\u00e4lt unter anderem den neuartigen Wirkstoff Phaseolin, der aus der wei\u00dfen Kidney-Bohne Das Phaseolin, welches nur bei mittel- und langkettigen Kohlenhydraten (Brot, Pizza, Pasta, Kartoffel, Reis, M\u00fcsli usw.) wirken kann, wird beim Naturaslim C-Block durch die Wirkung von HCA optimal erg\u00e4nzt. Au\u00dferdem wurden Chrom und Vitamin C zugesetzt.<\/p>\n","protected":false},"featured_media":58146,"template":"","meta":{"_acf_changed":false},"product_brand":[],"product_cat":[310],"product_tag":[],"class_list":{"0":"post-58144","1":"product","2":"type-product","3":"status-publish","4":"has-post-thumbnail","6":"product_cat-n","7":"pa_packungsgroesse-90-stueck","9":"first","10":"instock","11":"shipping-taxable","12":"purchasable","13":"product-type-simple"},"acf":[],"_links":{"self":[{"href":"https:\/\/www.hirtenberg-apotheke.at\/katalog\/wp-json\/wp\/v2\/product\/58144","targetHints":{"allow":["GET"]}}],"collection":[{"href":"https:\/\/www.hirtenberg-apotheke.at\/katalog\/wp-json\/wp\/v2\/product"}],"about":[{"href":"https:\/\/www.hirtenberg-apotheke.at\/katalog\/wp-json\/wp\/v2\/types\/product"}],"wp:featuredmedia":[{"embeddable":true,"href":"https:\/\/www.hirtenberg-apotheke.at\/katalog\/wp-json\/wp\/v2\/media\/58146"}],"wp:attachment":[{"href":"https:\/\/www.hirtenberg-apotheke.at\/katalog\/wp-json\/wp\/v2\/media?parent=58144"}],"wp:term":[{"taxonomy":"product_brand","embeddable":true,"href":"https:\/\/www.hirtenberg-apotheke.at\/katalog\/wp-json\/wp\/v2\/product_brand?post=58144"},{"taxonomy":"product_cat","embeddable":true,"href":"https:\/\/www.hirtenberg-apotheke.at\/katalog\/wp-json\/wp\/v2\/product_cat?post=58144"},{"taxonomy":"product_tag","embeddable":true,"href":"https:\/\/www.hirtenberg-apotheke.at\/katalog\/wp-json\/wp\/v2\/product_tag?post=58144"}],"curies":[{"name":"wp","href":"https:\/\/api.w.org\/{rel}","templated":true}]}}