{"id":58232,"date":"2025-11-26T17:35:09","date_gmt":"2025-11-26T16:35:09","guid":{"rendered":"https:\/\/www.hirtenberg-apotheke.at\/katalog\/produkt\/meliseptol-foam-spruehflasche-750-ml\/"},"modified":"2025-11-26T17:35:30","modified_gmt":"2025-11-26T16:35:30","slug":"meliseptol-foam-spruehflasche-750-ml","status":"publish","type":"product","link":"https:\/\/www.hirtenberg-apotheke.at\/katalog\/produkt\/meliseptol-foam-spruehflasche-750-ml\/","title":{"rendered":"Meliseptol Foam Spr\u00fchflasche 750 ml"},"content":{"rendered":"<p>Meliseptol Foam Spr\u00fchflasche ist ein Schaum zur Schnelldesinfektion von Medizinprodukten und kleinen Fl\u00e4chen. Der Schaum ist auch f\u00fcr alkoholempfindliche Fl\u00e4chen bestens geeignet.<\/p>\n","protected":false},"excerpt":{"rendered":"<p>Meliseptol Foam Spr\u00fchflasche ist ein Schaum zur Schnelldesinfektion von Medizinprodukten und kleinen Fl\u00e4chen. Der Schaum ist auch f\u00fcr alkoholempfindliche Fl\u00e4chen bestens geeignet.<\/p>\n","protected":false},"featured_media":58234,"template":"","meta":{"_acf_changed":false},"product_brand":[],"product_cat":[308],"product_tag":[],"class_list":{"0":"post-58232","1":"product","2":"type-product","3":"status-publish","4":"has-post-thumbnail","6":"product_cat-m","7":"pa_packungsgroesse-750ml","9":"first","10":"instock","11":"shipping-taxable","12":"purchasable","13":"product-type-simple"},"acf":[],"_links":{"self":[{"href":"https:\/\/www.hirtenberg-apotheke.at\/katalog\/wp-json\/wp\/v2\/product\/58232","targetHints":{"allow":["GET"]}}],"collection":[{"href":"https:\/\/www.hirtenberg-apotheke.at\/katalog\/wp-json\/wp\/v2\/product"}],"about":[{"href":"https:\/\/www.hirtenberg-apotheke.at\/katalog\/wp-json\/wp\/v2\/types\/product"}],"wp:featuredmedia":[{"embeddable":true,"href":"https:\/\/www.hirtenberg-apotheke.at\/katalog\/wp-json\/wp\/v2\/media\/58234"}],"wp:attachment":[{"href":"https:\/\/www.hirtenberg-apotheke.at\/katalog\/wp-json\/wp\/v2\/media?parent=58232"}],"wp:term":[{"taxonomy":"product_brand","embeddable":true,"href":"https:\/\/www.hirtenberg-apotheke.at\/katalog\/wp-json\/wp\/v2\/product_brand?post=58232"},{"taxonomy":"product_cat","embeddable":true,"href":"https:\/\/www.hirtenberg-apotheke.at\/katalog\/wp-json\/wp\/v2\/product_cat?post=58232"},{"taxonomy":"product_tag","embeddable":true,"href":"https:\/\/www.hirtenberg-apotheke.at\/katalog\/wp-json\/wp\/v2\/product_tag?post=58232"}],"curies":[{"name":"wp","href":"https:\/\/api.w.org\/{rel}","templated":true}]}}