{"id":58274,"date":"2025-11-26T17:35:47","date_gmt":"2025-11-26T16:35:47","guid":{"rendered":"https:\/\/www.hirtenberg-apotheke.at\/katalog\/produkt\/medipore-on-rolls-10m-x-5cm-1-stk\/"},"modified":"2025-11-26T17:36:23","modified_gmt":"2025-11-26T16:36:23","slug":"medipore-on-rolls-10m-x-5cm-1-stk","status":"publish","type":"product","link":"https:\/\/www.hirtenberg-apotheke.at\/katalog\/produkt\/medipore-on-rolls-10m-x-5cm-1-stk\/","title":{"rendered":"Medipore On Rolls 10m x 5cm 1 Stk."},"content":{"rendered":"<p>Die 3M Medipore On Rolls sind der ideale Vliesverband f\u00fcr die fl\u00e4chige Verbandfixierung. Der leichte Zuschnitt gew\u00e4hrleistet eine optimale Passform und einen sicheren Sitz. Dieses Produkt erhalten Sie in den Gr\u00f6\u00dfen 10m x 5cm und 10m x 15cm.<\/p>\n","protected":false},"excerpt":{"rendered":"<p>Die 3M Medipore On Rolls sind der ideale Vliesverband f\u00fcr die fl\u00e4chige Verbandfixierung. Der leichte Zuschnitt gew\u00e4hrleistet eine optimale Passform und einen sicheren Sitz. Dieses Produkt erhalten Sie in den Gr\u00f6\u00dfen 10m x 5cm und 10m x 15cm.<\/p>\n","protected":false},"featured_media":58276,"template":"","meta":{"_acf_changed":false},"product_brand":[],"product_cat":[308],"product_tag":[],"class_list":{"0":"post-58274","1":"product","2":"type-product","3":"status-publish","4":"has-post-thumbnail","6":"product_cat-m","7":"pa_packungsgroesse-1-stueck","9":"first","10":"instock","11":"shipping-taxable","12":"purchasable","13":"product-type-simple"},"acf":[],"_links":{"self":[{"href":"https:\/\/www.hirtenberg-apotheke.at\/katalog\/wp-json\/wp\/v2\/product\/58274","targetHints":{"allow":["GET"]}}],"collection":[{"href":"https:\/\/www.hirtenberg-apotheke.at\/katalog\/wp-json\/wp\/v2\/product"}],"about":[{"href":"https:\/\/www.hirtenberg-apotheke.at\/katalog\/wp-json\/wp\/v2\/types\/product"}],"wp:featuredmedia":[{"embeddable":true,"href":"https:\/\/www.hirtenberg-apotheke.at\/katalog\/wp-json\/wp\/v2\/media\/58276"}],"wp:attachment":[{"href":"https:\/\/www.hirtenberg-apotheke.at\/katalog\/wp-json\/wp\/v2\/media?parent=58274"}],"wp:term":[{"taxonomy":"product_brand","embeddable":true,"href":"https:\/\/www.hirtenberg-apotheke.at\/katalog\/wp-json\/wp\/v2\/product_brand?post=58274"},{"taxonomy":"product_cat","embeddable":true,"href":"https:\/\/www.hirtenberg-apotheke.at\/katalog\/wp-json\/wp\/v2\/product_cat?post=58274"},{"taxonomy":"product_tag","embeddable":true,"href":"https:\/\/www.hirtenberg-apotheke.at\/katalog\/wp-json\/wp\/v2\/product_tag?post=58274"}],"curies":[{"name":"wp","href":"https:\/\/api.w.org\/{rel}","templated":true}]}}