{"id":58309,"date":"2025-11-26T17:37:02","date_gmt":"2025-11-26T16:37:02","guid":{"rendered":"https:\/\/www.hirtenberg-apotheke.at\/katalog\/produkt\/madara-deep-moisture-50-ml-creme\/"},"modified":"2025-11-26T17:37:14","modified_gmt":"2025-11-26T16:37:14","slug":"madara-deep-moisture-50-ml-creme","status":"publish","type":"product","link":"https:\/\/www.hirtenberg-apotheke.at\/katalog\/produkt\/madara-deep-moisture-50-ml-creme\/","title":{"rendered":"Madara Deep Moisture 50 ml Creme"},"content":{"rendered":"<p>Madara Deep Moisture &#8211; Intensive Feuchtigskeitscreme ist eine n\u00e4hrende Feuchtigkeitspflege f\u00fcr trockene bis sehr trockene Haut. Der enthaltene Wegerich sorgt f\u00fcr eine intensive Befeuchtung der Haut und unterst\u00fctzt die Kollagensynthese.<\/p>\n","protected":false},"excerpt":{"rendered":"<p>Madara Deep Moisture &#8211; Intensive Feuchtigskeitscreme ist eine n\u00e4hrende Feuchtigkeitspflege f\u00fcr trockene bis sehr trockene Haut. Der enthaltene Wegerich sorgt f\u00fcr eine intensive Befeuchtung der Haut und unterst\u00fctzt die Kollagensynthese.<\/p>\n","protected":false},"featured_media":58311,"template":"","meta":{"_acf_changed":false},"product_brand":[1240],"product_cat":[308],"product_tag":[],"class_list":{"0":"post-58309","1":"product","2":"type-product","3":"status-publish","4":"has-post-thumbnail","6":"product_brand-madara","7":"product_cat-m","8":"pa_packungsgroesse-50ml","10":"first","11":"instock","12":"shipping-taxable","13":"purchasable","14":"product-type-simple"},"acf":[],"_links":{"self":[{"href":"https:\/\/www.hirtenberg-apotheke.at\/katalog\/wp-json\/wp\/v2\/product\/58309","targetHints":{"allow":["GET"]}}],"collection":[{"href":"https:\/\/www.hirtenberg-apotheke.at\/katalog\/wp-json\/wp\/v2\/product"}],"about":[{"href":"https:\/\/www.hirtenberg-apotheke.at\/katalog\/wp-json\/wp\/v2\/types\/product"}],"wp:featuredmedia":[{"embeddable":true,"href":"https:\/\/www.hirtenberg-apotheke.at\/katalog\/wp-json\/wp\/v2\/media\/58311"}],"wp:attachment":[{"href":"https:\/\/www.hirtenberg-apotheke.at\/katalog\/wp-json\/wp\/v2\/media?parent=58309"}],"wp:term":[{"taxonomy":"product_brand","embeddable":true,"href":"https:\/\/www.hirtenberg-apotheke.at\/katalog\/wp-json\/wp\/v2\/product_brand?post=58309"},{"taxonomy":"product_cat","embeddable":true,"href":"https:\/\/www.hirtenberg-apotheke.at\/katalog\/wp-json\/wp\/v2\/product_cat?post=58309"},{"taxonomy":"product_tag","embeddable":true,"href":"https:\/\/www.hirtenberg-apotheke.at\/katalog\/wp-json\/wp\/v2\/product_tag?post=58309"}],"curies":[{"name":"wp","href":"https:\/\/api.w.org\/{rel}","templated":true}]}}