{"id":58314,"date":"2025-11-26T17:37:02","date_gmt":"2025-11-26T16:37:02","guid":{"rendered":"https:\/\/www.hirtenberg-apotheke.at\/katalog\/produkt\/dline-fresh-tonic-gel-ftg-200-ml\/"},"modified":"2025-11-26T17:37:15","modified_gmt":"2025-11-26T16:37:15","slug":"dline-fresh-tonic-gel-ftg-200-ml","status":"publish","type":"product","link":"https:\/\/www.hirtenberg-apotheke.at\/katalog\/produkt\/dline-fresh-tonic-gel-ftg-200-ml\/","title":{"rendered":"Dline Fresh Tonic Gel FTG 200 ml"},"content":{"rendered":"<p>Lohmann &#038; Rauscher (L&#038;R) ist ein international fhrender Anbieter von zukunftsorientierten Medizin- und Hygieneprodukten h\u00f6chster Qualit\u00e4t \u2013 vom klassischen Verbandstoff bis zum modernen Therapie- und Pflegesystem. 1998 aus den beiden Unternehmen Lohmann (gegrndet 1851) und Rauscher (gegrndet 1899) entstanden, verfgt L&#038;R \u00fcber 160 Jahre Kompetenz als zuverl\u00e4ssiger Partner und Probleml\u00f6ser f\u00fcr seine Kunden.<\/p>\n","protected":false},"excerpt":{"rendered":"<p>Lohmann &#038; Rauscher (L&#038;R) ist ein international fhrender Anbieter von zukunftsorientierten Medizin- und Hygieneprodukten h\u00f6chster Qualit\u00e4t \u2013 vom klassischen Verbandstoff bis zum modernen Therapie- und Pflegesystem. 1998 aus den beiden Unternehmen Lohmann (gegrndet 1851) und Rauscher (gegrndet 1899) entstanden, verfgt L&#038;R \u00fcber 160 Jahre Kompetenz als zuverl\u00e4ssiger Partner und Probleml\u00f6ser f\u00fcr seine Kunden.<\/p>\n","protected":false},"featured_media":0,"template":"","meta":{"_acf_changed":false},"product_brand":[],"product_cat":[295],"product_tag":[],"class_list":{"0":"post-58314","1":"product","2":"type-product","3":"status-publish","5":"product_cat-d","6":"pa_packungsgroesse-200ml","8":"first","9":"instock","10":"shipping-taxable","11":"purchasable","12":"product-type-simple"},"acf":[],"_links":{"self":[{"href":"https:\/\/www.hirtenberg-apotheke.at\/katalog\/wp-json\/wp\/v2\/product\/58314","targetHints":{"allow":["GET"]}}],"collection":[{"href":"https:\/\/www.hirtenberg-apotheke.at\/katalog\/wp-json\/wp\/v2\/product"}],"about":[{"href":"https:\/\/www.hirtenberg-apotheke.at\/katalog\/wp-json\/wp\/v2\/types\/product"}],"wp:attachment":[{"href":"https:\/\/www.hirtenberg-apotheke.at\/katalog\/wp-json\/wp\/v2\/media?parent=58314"}],"wp:term":[{"taxonomy":"product_brand","embeddable":true,"href":"https:\/\/www.hirtenberg-apotheke.at\/katalog\/wp-json\/wp\/v2\/product_brand?post=58314"},{"taxonomy":"product_cat","embeddable":true,"href":"https:\/\/www.hirtenberg-apotheke.at\/katalog\/wp-json\/wp\/v2\/product_cat?post=58314"},{"taxonomy":"product_tag","embeddable":true,"href":"https:\/\/www.hirtenberg-apotheke.at\/katalog\/wp-json\/wp\/v2\/product_tag?post=58314"}],"curies":[{"name":"wp","href":"https:\/\/api.w.org\/{rel}","templated":true}]}}