{"id":58382,"date":"2025-11-26T17:37:43","date_gmt":"2025-11-26T16:37:43","guid":{"rendered":"https:\/\/www.hirtenberg-apotheke.at\/katalog\/produkt\/sebamed-unreine-haut-pflege-gel-50-ml\/"},"modified":"2025-11-26T17:38:39","modified_gmt":"2025-11-26T16:38:39","slug":"sebamed-unreine-haut-pflege-gel-50-ml","status":"publish","type":"product","link":"https:\/\/www.hirtenberg-apotheke.at\/katalog\/produkt\/sebamed-unreine-haut-pflege-gel-50-ml\/","title":{"rendered":"Sebamed Unreine Haut Pflege-Gel 50 ml"},"content":{"rendered":"<p>sebamed UNREINE HAUT Pflege-Gel ist aus dermatologischer Sicht empfehlenswert zur Basispflege der unreinen, zu Pickeln und Mitessern neigenden Haut. Der hauteigene pH-Wert 5,5 stabilisiert den nat\u00fcrlichen Schutzmantel der Haut, sch\u00fctzt biologisch gegen Bakterien und tr\u00e4gt so zur Vorbeugung gegen Pickel und Mitesser bei. Die sehr gute Hautvertr\u00e4glichkeit ist dermatologisch-klinisch best\u00e4tigt.<\/p>\n","protected":false},"excerpt":{"rendered":"<p>sebamed UNREINE HAUT Pflege-Gel ist aus dermatologischer Sicht empfehlenswert zur Basispflege der unreinen, zu Pickeln und Mitessern neigenden Haut. Der hauteigene pH-Wert 5,5 stabilisiert den nat\u00fcrlichen Schutzmantel der Haut, sch\u00fctzt biologisch gegen Bakterien und tr\u00e4gt so zur Vorbeugung gegen Pickel und Mitesser bei. Die sehr gute Hautvertr\u00e4glichkeit ist dermatologisch-klinisch best\u00e4tigt.<\/p>\n","protected":false},"featured_media":0,"template":"","meta":{"_acf_changed":false},"product_brand":[753],"product_cat":[303],"product_tag":[],"class_list":{"0":"post-58382","1":"product","2":"type-product","3":"status-publish","5":"product_brand-sebamed","6":"product_cat-s","7":"pa_packungsgroesse-50ml","9":"first","10":"instock","11":"shipping-taxable","12":"purchasable","13":"product-type-simple"},"acf":[],"_links":{"self":[{"href":"https:\/\/www.hirtenberg-apotheke.at\/katalog\/wp-json\/wp\/v2\/product\/58382","targetHints":{"allow":["GET"]}}],"collection":[{"href":"https:\/\/www.hirtenberg-apotheke.at\/katalog\/wp-json\/wp\/v2\/product"}],"about":[{"href":"https:\/\/www.hirtenberg-apotheke.at\/katalog\/wp-json\/wp\/v2\/types\/product"}],"wp:attachment":[{"href":"https:\/\/www.hirtenberg-apotheke.at\/katalog\/wp-json\/wp\/v2\/media?parent=58382"}],"wp:term":[{"taxonomy":"product_brand","embeddable":true,"href":"https:\/\/www.hirtenberg-apotheke.at\/katalog\/wp-json\/wp\/v2\/product_brand?post=58382"},{"taxonomy":"product_cat","embeddable":true,"href":"https:\/\/www.hirtenberg-apotheke.at\/katalog\/wp-json\/wp\/v2\/product_cat?post=58382"},{"taxonomy":"product_tag","embeddable":true,"href":"https:\/\/www.hirtenberg-apotheke.at\/katalog\/wp-json\/wp\/v2\/product_tag?post=58382"}],"curies":[{"name":"wp","href":"https:\/\/api.w.org\/{rel}","templated":true}]}}